{"id":131210,"date":"2021-03-30T12:30:13","date_gmt":"2021-03-30T12:30:13","guid":{"rendered":"https:\/\/laskur.ee\/avaleht\/"},"modified":"2024-04-26T08:49:06","modified_gmt":"2024-04-26T08:49:06","slug":"avaleht","status":"publish","type":"page","link":"https:\/\/laskur.ee\/en\/","title":{"rendered":"Avaleht"},"content":{"rendered":"<div class=\"wpb-content-wrapper\"><p>[vc_row row_height_percent=&#8221;0&#8243; override_padding=&#8221;yes&#8221; h_padding=&#8221;0&#8243; top_padding=&#8221;4&#8243; bottom_padding=&#8221;5&#8243; back_image=&#8221;130617&#8243; overlay_alpha=&#8221;50&#8243; gutter_size=&#8221;3&#8243; column_width_use_pixel=&#8221;yes&#8221; shift_y=&#8221;0&#8243; z_index=&#8221;0&#8243; front_end_with_slider=&#8221;true&#8221; uncode_shortcode_id=&#8221;142909&#8243; row_height_pixel=&#8221;380&#8243; column_width_pixel=&#8221;1200&#8243; css=&#8221;.vc_custom_1713816539970{border-right-width: 0px !important;border-left-width: 0px !important;}&#8221;][vc_column column_width_percent=&#8221;100&#8243; gutter_size=&#8221;3&#8243; overlay_alpha=&#8221;50&#8243; shift_x=&#8221;0&#8243; shift_y=&#8221;0&#8243; shift_y_down=&#8221;0&#8243; z_index=&#8221;0&#8243; medium_width=&#8221;0&#8243; mobile_width=&#8221;0&#8243; width=&#8221;1\/1&#8243; uncode_shortcode_id=&#8221;168723&#8243;][uncode_slider slider_interval=&#8221;10000&#8243; slider_navspeed=&#8221;700&#8243; slider_hide_arrows=&#8221;yes&#8221; slider_hide_dots=&#8221;yes&#8221;][vc_row_inner row_inner_height_percent=&#8221;0&#8243; overlay_alpha=&#8221;50&#8243; gutter_size=&#8221;0&#8243; shift_y=&#8221;0&#8243; z_index=&#8221;0&#8243; limit_content=&#8221;yes&#8221; front_end_with_slider=&#8221;true&#8221; uncode_shortcode_id=&#8221;210263&#8243;][vc_column_inner column_width_percent=&#8221;100&#8243; gutter_size=&#8221;2&#8243; style=&#8221;dark&#8221; font_family=&#8221;font-846016&#8243; overlay_alpha=&#8221;50&#8243; shift_x=&#8221;0&#8243; shift_y=&#8221;0&#8243; shift_y_down=&#8221;0&#8243; z_index=&#8221;0&#8243; medium_width=&#8221;4&#8243; mobile_width=&#8221;0&#8243; zoom_width=&#8221;0&#8243; zoom_height=&#8221;0&#8243; width=&#8221;1\/1&#8243; uncode_shortcode_id=&#8221;151823&#8243; link_to=&#8221;url:#&#8221;][vc_custom_heading heading_semantic=&#8221;h1&#8243; text_font=&#8221;font-555555&#8243; text_size=&#8221;h1&#8243; text_weight=&#8221;400&#8243; uncode_shortcode_id=&#8221;182110&#8243; el_class=&#8221;text-center home_top_title&#8221;]Top quality equipment for sport shooters[\/vc_custom_heading][\/vc_column_inner][\/vc_row_inner][\/uncode_slider][vc_row_inner][vc_column_inner width=&#8221;1\/1&#8243;][vc_raw_html]JTVCcHJvZHVjdF9uYXYlNUQ=[\/vc_raw_html][\/vc_column_inner][\/vc_row_inner][\/vc_column][\/vc_row][vc_row row_height_percent=&#8221;0&#8243; override_padding=&#8221;yes&#8221; h_padding=&#8221;2&#8243; top_padding=&#8221;3&#8243; bottom_padding=&#8221;3&#8243; back_color=&#8221;color-gyho&#8221; overlay_alpha=&#8221;100&#8243; gutter_size=&#8221;100&#8243; column_width_percent=&#8221;100&#8243; shift_y=&#8221;0&#8243; z_index=&#8221;0&#8243; top_divider=&#8221;gradient&#8221; style=&#8221;inherited&#8221; front_end_with_slider=&#8221;true&#8221; uncode_shortcode_id=&#8221;187215&#8243; back_color_type=&#8221;uncode-palette&#8221;][vc_column column_width_percent=&#8221;100&#8243; align_horizontal=&#8221;align_center&#8221; gutter_size=&#8221;3&#8243; style=&#8221;light&#8221; overlay_alpha=&#8221;50&#8243; shift_x=&#8221;0&#8243; shift_y=&#8221;0&#8243; shift_y_down=&#8221;0&#8243; z_index=&#8221;0&#8243; medium_width=&#8221;0&#8243; mobile_width=&#8221;0&#8243; zoom_width=&#8221;0&#8243; zoom_height=&#8221;0&#8243; width=&#8221;1\/1&#8243; uncode_shortcode_id=&#8221;186704&#8243;][uncode_slider slider_interval=&#8221;0&#8243; slider_navspeed=&#8221;700&#8243; slider_dots_space=&#8221;yes&#8221;][vc_row_inner row_inner_height_percent=&#8221;0&#8243; overlay_alpha=&#8221;50&#8243; equal_height=&#8221;yes&#8221; gutter_size=&#8221;0&#8243; shift_y=&#8221;0&#8243; z_index=&#8221;0&#8243; limit_content=&#8221;yes&#8221; front_end_with_slider=&#8221;true&#8221;][vc_column_inner column_width_percent=&#8221;100&#8243; position_vertical=&#8221;middle&#8221; gutter_size=&#8221;3&#8243; override_padding=&#8221;yes&#8221; column_padding=&#8221;3&#8243; back_color=&#8221;color-xsdn&#8221; overlay_alpha=&#8221;50&#8243; shift_x=&#8221;0&#8243; shift_y=&#8221;0&#8243; shift_y_down=&#8221;0&#8243; z_index=&#8221;0&#8243; medium_width=&#8221;0&#8243; mobile_width=&#8221;0&#8243; width=&#8221;1\/2&#8243;][vc_custom_heading text_align=&#8221;text-center&#8221; subheading=&#8221;Reguleeritav k\u00e4epide, alumiiniumist kaba, multifunktsionaalne t\u00e4ielikult reguleeritav p\u00f5setugi, p\u00fcssi raud on freesitud \u00e4\u00e4rmiselt k\u00f5rge kvaliteediga alumiiniumist, k\u00e4e tugi on laia raadiusega, mist\u00f5ttu sobib igale k\u00e4e suurusele.&#8221; el_class=&#8221;demo-heading&#8221; uncode_shortcode_id=&#8221;597527&#8243;]Ansch\u00fctz 54.30[\/vc_custom_heading][vc_button radius=&#8221;btn-circle&#8221; text_skin=&#8221;yes&#8221; border_width=&#8221;0&#8243; uncode_shortcode_id=&#8221;364120&#8243;]View more[\/vc_button][\/vc_column_inner][vc_column_inner column_width_percent=&#8221;100&#8243; gutter_size=&#8221;3&#8243; back_image=&#8221;131269&#8243; overlay_alpha=&#8221;50&#8243; shift_x=&#8221;0&#8243; shift_y=&#8221;0&#8243; shift_y_down=&#8221;0&#8243; z_index=&#8221;0&#8243; medium_width=&#8221;0&#8243; mobile_width=&#8221;0&#8243; width=&#8221;1\/2&#8243; mobile_height=&#8221;340&#8243; uncode_shortcode_id=&#8221;214215&#8243;][\/vc_column_inner][\/vc_row_inner][\/uncode_slider][\/vc_column][\/vc_row][vc_row row_height_percent=&#8221;0&#8243; override_padding=&#8221;yes&#8221; h_padding=&#8221;2&#8243; top_padding=&#8221;3&#8243; bottom_padding=&#8221;3&#8243; overlay_alpha=&#8221;50&#8243; gutter_size=&#8221;4&#8243; column_width_percent=&#8221;100&#8243; shift_y=&#8221;0&#8243; z_index=&#8221;0&#8243; uncode_shortcode_id=&#8221;791010&#8243;][vc_column column_width_percent=&#8221;100&#8243; gutter_size=&#8221;3&#8243; font_family=&#8221;font-846016&#8243; overlay_alpha=&#8221;50&#8243; shift_x=&#8221;0&#8243; shift_y=&#8221;0&#8243; shift_y_down=&#8221;0&#8243; z_index=&#8221;0&#8243; medium_width=&#8221;0&#8243; mobile_width=&#8221;0&#8243; width=&#8221;1\/1&#8243; uncode_shortcode_id=&#8221;141298&#8243;][vc_custom_heading text_size=&#8221;h5&#8243; text_weight=&#8221;500&#8243; uncode_shortcode_id=&#8221;897246&#8243;]Popular products[\/vc_custom_heading][uncode_index el_id=&#8221;index-1234&#8243; index_type=&#8221;css_grid&#8221; loop=&#8221;size:12|order_by:date|post_type:product|taxonomy_count:10&#8243; grid_items=&#8221;6&#8243; screen_lg_items=&#8221;4&#8243; screen_lg_breakpoint=&#8221;1200&#8243; screen_md_items=&#8221;3&#8243; screen_md_breakpoint=&#8221;900&#8243; screen_sm_items=&#8221;2&#8243; screen_sm_breakpoint=&#8221;480&#8243; gutter_size=&#8221;3&#8243; css_grid_equal_height=&#8221;yes&#8221; product_items=&#8221;media|featured|onpost|original|hide-sale|enhanced-atc|inherit-w-atc|atc-typo-default|hide-atc,variations|under|pa_color|5|hover|original_title|size_small|mobile,spacer|half,title,price|default,text|excerpt|65,quick-view-button,wishlist-button,stars&#8221; single_shape=&#8221;round&#8221; single_overlay_opacity=&#8221;50&#8243; single_overlay_anim=&#8221;no&#8221; single_text_visible=&#8221;yes&#8221; single_text_anim=&#8221;no&#8221; single_padding=&#8221;1&#8243; single_thumb_hover=&#8221;yes&#8221; single_title_family=&#8221;font-846016&#8243; single_title_dimension=&#8221;h5&#8243; single_title_weight=&#8221;500&#8243; single_text_lead=&#8221;small&#8221; single_border=&#8221;yes&#8221; custom_order=&#8221;yes&#8221; pagination_per_page=&#8221;0&#8243; uncode_shortcode_id=&#8221;100966&#8243; order_ids=&#8221;111497,111476,111487,111447,110958,111416,111090,111381,111366,111330,111149,111050&#8243;][\/vc_column][\/vc_row][vc_row unlock_row=&#8221;&#8221; row_height_percent=&#8221;0&#8243; overlay_alpha=&#8221;50&#8243; gutter_size=&#8221;3&#8243; column_width_percent=&#8221;100&#8243; shift_y=&#8221;0&#8243; z_index=&#8221;0&#8243; uncode_shortcode_id=&#8221;922464&#8243;][vc_column width=&#8221;1\/1&#8243;][vc_separator sep_color=&#8221;color-lxmt&#8221; uncode_shortcode_id=&#8221;640966&#8243; sep_color_type=&#8221;uncode-palette&#8221;][uncode_slider slider_interval=&#8221;0&#8243; slider_navspeed=&#8221;400&#8243; slider_loop=&#8221;yes&#8221; slider_hide_arrows=&#8221;yes&#8221; slider_dots_space=&#8221;yes&#8221;][vc_row_inner row_inner_height_percent=&#8221;0&#8243; overlay_alpha=&#8221;50&#8243; gutter_size=&#8221;3&#8243; shift_y=&#8221;0&#8243; z_index=&#8221;0&#8243; uncode_shortcode_id=&#8221;310012&#8243; css=&#8221;.vc_custom_1714039997811{margin-top: 20px !important;}&#8221;][vc_column_inner width=&#8221;1\/4&#8243;][vc_single_image media=&#8221;131212&#8243; media_width_use_pixel=&#8221;yes&#8221; alignment=&#8221;center&#8221; uncode_shortcode_id=&#8221;170054&#8243; media_link=&#8221;url:https%3A%2F%2Fwww.anschuetz-sport.com%2F|target:_blank&#8221; media_width_pixel=&#8221;150&#8243;][\/vc_column_inner][vc_column_inner width=&#8221;1\/4&#8243;][vc_single_image media=&#8221;131214&#8243; media_width_use_pixel=&#8221;yes&#8221; alignment=&#8221;center&#8221; uncode_shortcode_id=&#8221;170851&#8243; media_link=&#8221;url:https%3A%2F%2Fwww.lapua.com%2F|target:_blank&#8221; media_width_pixel=&#8221;150&#8243;][\/vc_column_inner][vc_column_inner width=&#8221;1\/4&#8243;][vc_single_image media=&#8221;131216&#8243; media_width_use_pixel=&#8221;yes&#8221; alignment=&#8221;center&#8221; uncode_shortcode_id=&#8221;400980&#8243; media_link=&#8221;url:https%3A%2F%2Fshop.ahg-anschuetz.de%2F|target:_blank&#8221; media_width_pixel=&#8221;75&#8243;][\/vc_column_inner][vc_column_inner width=&#8221;1\/4&#8243;][vc_single_image media=&#8221;131218&#8243; media_width_use_pixel=&#8221;yes&#8221; alignment=&#8221;center&#8221; uncode_shortcode_id=&#8221;194541&#8243; media_link=&#8221;url:https%3A%2F%2Fshop.ahg-anschuetz.de%2F|target:_blank&#8221; media_width_pixel=&#8221;150&#8243;][\/vc_column_inner][\/vc_row_inner][vc_row_inner][vc_column_inner width=&#8221;1\/4&#8243;][vc_single_image media=&#8221;131228&#8243; media_width_use_pixel=&#8221;yes&#8221; alignment=&#8221;center&#8221; uncode_shortcode_id=&#8221;906350&#8243; media_link=&#8221;url:https%3A%2F%2Fwww.steyr-sport.com%2Findex.php%2Fen%2F|target:_blank&#8221; media_width_pixel=&#8221;75&#8243;][\/vc_column_inner][vc_column_inner width=&#8221;1\/4&#8243;][vc_single_image media=&#8221;131234&#8243; media_width_use_pixel=&#8221;yes&#8221; alignment=&#8221;center&#8221; uncode_shortcode_id=&#8221;770720&#8243; media_link=&#8221;url:https%3A%2F%2Fwww.sauer-shootingsportswear.de%2Fstartseite%2F|target:_blank&#8221; media_width_pixel=&#8221;75&#8243;][\/vc_column_inner][vc_column_inner width=&#8221;1\/4&#8243;][vc_single_image media=&#8221;131238&#8243; media_width_use_pixel=&#8221;yes&#8221; alignment=&#8221;center&#8221; uncode_shortcode_id=&#8221;311470&#8243; media_link=&#8221;url:https%3A%2F%2Fcarl-walther.de%2F|target:_blank&#8221; media_width_pixel=&#8221;150&#8243;][\/vc_column_inner][vc_column_inner width=&#8221;1\/4&#8243;][vc_single_image media=&#8221;131243&#8243; media_width_use_pixel=&#8221;yes&#8221; alignment=&#8221;center&#8221; uncode_shortcode_id=&#8221;269304&#8243; media_link=&#8221;url:https%3A%2F%2Fwww.feinwerkbau.de%2Fen%2F|target:_blank&#8221; media_width_pixel=&#8221;150&#8243;][\/vc_column_inner][\/vc_row_inner][\/uncode_slider][\/vc_column][\/vc_row]<\/p>\n<\/div>","protected":false},"excerpt":{"rendered":"<p>[vc_row row_height_percent=&#8221;0&#8243; override_padding=&#8221;yes&#8221; h_padding=&#8221;0&#8243; top_padding=&#8221;4&#8243; bottom_padding=&#8221;5&#8243; back_image=&#8221;130617&#8243; overlay_alpha=&#8221;50&#8243; gutter_size=&#8221;3&#8243; column_width_use_pixel=&#8221;yes&#8221; shift_y=&#8221;0&#8243; z_index=&#8221;0&#8243; front_end_with_slider=&#8221;true&#8221; uncode_shortcode_id=&#8221;142909&#8243; row_height_pixel=&#8221;380&#8243; column_width_pixel=&#8221;1200&#8243; css=&#8221;.vc_custom_1713816539970{border-right-width: 0px !important;border-left-width: 0px [&hellip;]<\/p>\n","protected":false},"author":1,"featured_media":130968,"parent":0,"menu_order":0,"comment_status":"closed","ping_status":"closed","template":"","meta":{"_acf_changed":false,"footnotes":""},"class_list":["post-131210","page","type-page","status-publish","has-post-thumbnail","hentry","page_category-demo-shop-en"],"acf":[],"_links":{"self":[{"href":"https:\/\/laskur.ee\/en\/wp-json\/wp\/v2\/pages\/131210","targetHints":{"allow":["GET"]}}],"collection":[{"href":"https:\/\/laskur.ee\/en\/wp-json\/wp\/v2\/pages"}],"about":[{"href":"https:\/\/laskur.ee\/en\/wp-json\/wp\/v2\/types\/page"}],"author":[{"embeddable":true,"href":"https:\/\/laskur.ee\/en\/wp-json\/wp\/v2\/users\/1"}],"replies":[{"embeddable":true,"href":"https:\/\/laskur.ee\/en\/wp-json\/wp\/v2\/comments?post=131210"}],"version-history":[{"count":13,"href":"https:\/\/laskur.ee\/en\/wp-json\/wp\/v2\/pages\/131210\/revisions"}],"predecessor-version":[{"id":131281,"href":"https:\/\/laskur.ee\/en\/wp-json\/wp\/v2\/pages\/131210\/revisions\/131281"}],"wp:featuredmedia":[{"embeddable":true,"href":"https:\/\/laskur.ee\/en\/wp-json\/wp\/v2\/media\/130968"}],"wp:attachment":[{"href":"https:\/\/laskur.ee\/en\/wp-json\/wp\/v2\/media?parent=131210"}],"curies":[{"name":"wp","href":"https:\/\/api.w.org\/{rel}","templated":true}]}}