{"id":130688,"date":"2021-03-29T14:51:21","date_gmt":"2021-03-29T14:51:21","guid":{"rendered":"https:\/\/laskur.ee\/?post_type=product&#038;p=130688"},"modified":"2024-04-30T14:28:28","modified_gmt":"2024-04-30T14:28:28","slug":"matkakott-d-rr-outdoor-pro-65-pro-15","status":"publish","type":"product","link":"https:\/\/laskur.ee\/en\/toode\/matkakott-d-rr-outdoor-pro-65-pro-15\/","title":{"rendered":"Matkakott D\u00d6RR OUTDOOR PRO 65+ PRO 15"},"content":{"rendered":"<p>KIRJLEDUS:<\/p>\n<p>Polsterdatud seljatugi<\/p>\n<p>Polsterdatud v\u00f6\u00f6kohad, mille m\u00f5lemal k\u00fcljel on lisavarustuse sahtel<\/p>\n<p>Reguleeritav rinna rihma k\u00f5rgus ja laius<\/p>\n<p>Reguleeritava k\u00f5rgusega polsterdatud \u00f5larihmad<\/p>\n<p>Lisasektsioon nt. veepakile, riietele, jalan\u00f5ud jms (juurdep\u00e4\u00e4s p\u00f5hiruumi kaudu)<\/p>\n<p>Avarad k\u00fclgmised kambrid, lukuga \u00fclaosa<\/p>\n<p>Integreeritud vile<\/p>\n<p>Lisasilmused nt. fotostatiivi, vms jaoks<\/p>\n<p>Joogitoru ava<\/p>\n<p>Kinnitus prillide jaoks<\/p>\n<p>Koti intergeeritud vihmakate<\/p>\n<p>\u00a0V\u00e4lism\u00f5\u00f5dud: 35 x 75 x 25 cm<\/p>\n<p>Mahutavus: 65 l<\/p>\n<p>Kaal: 1800 g<\/p>\n<p>\u00a0<\/p>\n<p>KIRJELDUS PRO 15<\/p>\n<p>Polsterdatud seljatugi ja polsterdatud kandvad \u00f5larihmad<\/p>\n<p>2 k\u00fcljetaskut, 1 lukuga esitasku<\/p>\n<p>\u00a0V\u00e4lism\u00f5\u00f5dud: 26 x 38 x 16 cm<\/p>\n<p>Mahutavus: 15 l<\/p>\n<p>Kaal: 330 g<\/p>\n","protected":false},"excerpt":{"rendered":"<p>D\u00d6RR OUTDOOR PRO 65+ PRO 15 on kaks seljakotti \u00fches!<\/p>\n<p>Koos \u00fclimalt mahuka seljakotiga, mahutavusega 65 l,\u00a0 on kotil\u00a0v\u00e4iksem 15 l\u00a0 lisa seljakott, mida on kerge kaasaskandmiseks eemaldada. Seega saab kahte seljakotti kasutada ka iseseisvalt. Suurep\u00e4rane varustus mitme p\u00e4evase matka jaoks. Kerge kombinatsioon on l\u00e4bim\u00f5eldud ja pakub palju kasulikke funktsioone.<\/p>\n","protected":false},"featured_media":130689,"template":"","meta":{"_acf_changed":false},"product_brand":[],"product_cat":[153],"product_tag":[],"class_list":{"0":"post-130688","1":"product","2":"type-product","3":"status-publish","4":"has-post-thumbnail","6":"product_cat-vaba-aeg","8":"first","9":"instock","10":"sale","11":"taxable","12":"shipping-taxable","13":"purchasable","14":"product-type-simple"},"acf":[],"_links":{"self":[{"href":"https:\/\/laskur.ee\/en\/wp-json\/wp\/v2\/product\/130688","targetHints":{"allow":["GET"]}}],"collection":[{"href":"https:\/\/laskur.ee\/en\/wp-json\/wp\/v2\/product"}],"about":[{"href":"https:\/\/laskur.ee\/en\/wp-json\/wp\/v2\/types\/product"}],"wp:featuredmedia":[{"embeddable":true,"href":"https:\/\/laskur.ee\/en\/wp-json\/wp\/v2\/media\/130689"}],"wp:attachment":[{"href":"https:\/\/laskur.ee\/en\/wp-json\/wp\/v2\/media?parent=130688"}],"wp:term":[{"taxonomy":"product_brand","embeddable":true,"href":"https:\/\/laskur.ee\/en\/wp-json\/wp\/v2\/product_brand?post=130688"},{"taxonomy":"product_cat","embeddable":true,"href":"https:\/\/laskur.ee\/en\/wp-json\/wp\/v2\/product_cat?post=130688"},{"taxonomy":"product_tag","embeddable":true,"href":"https:\/\/laskur.ee\/en\/wp-json\/wp\/v2\/product_tag?post=130688"}],"curies":[{"name":"wp","href":"https:\/\/api.w.org\/{rel}","templated":true}]}}