{"id":131488,"date":"2015-07-15T15:38:34","date_gmt":"2015-07-15T15:38:34","guid":{"rendered":"https:\/\/laskur.ee\/?post_type=product&#038;p=131488"},"modified":"2020-09-24T15:05:43","modified_gmt":"2020-09-24T15:05:43","slug":"ahg-shooting-boots-competition","status":"publish","type":"product","link":"https:\/\/laskur.ee\/en\/toode\/ahg-shooting-boots-competition\/","title":{"rendered":"ahg shooting boots competition"},"content":{"rendered":"<p>The entire tongue is a combination of 3-D mesh and a permanently absorbent, reticulating, perforated sponge, well padded tongues absorb pressure which might cause discomfort. A strongly adhesive Velcro is integrated to fix the tongue at the forefoot and the top The 2 leather accents on the boot give stability, combined with the cut of the boot`s body lacing up to the top gives every foot a customized fit. Velcro closure to ensure a snug fit. The stability of the shank in combination with the solid rubber cap gives firm support to the foot. The blue stitching gives the boots a sporty fashion touch. The anatomically supportive inner sole prevents foot fatigue during competition.<\/p>\n<\/p>\n<p>Available in sizes: 35 to 51 (3 to 14 1\/2). Material: leather Sole: India rubber Made after the latest ISSF rule starting from 1.1.2013<\/p>\n","protected":false},"excerpt":{"rendered":"<p>ahg Ansch\u00fctz laskuri saabas. Disainitud laskurilt laskuritele. \u00a0\u00c4\u00e4rmiselt mugavad saapad. Anatoomiliselt toetava sisetallaga, mis ei lase jalal v\u00f5istluse ajal v\u00e4sida. Vastavad ISSF reeglitele.<\/p>\n","protected":false},"featured_media":131506,"template":"","meta":{"_acf_changed":false},"product_brand":[],"product_cat":[243,321,323],"product_tag":[],"class_list":{"0":"post-131488","1":"product","2":"type-product","3":"status-publish","4":"has-post-thumbnail","6":"product_cat-clothing","7":"product_cat-boots","8":"product_cat-ahg-anschutz-8","9":"pa_suurus-38-3","10":"pa_suurus-39-3","11":"pa_suurus-40-3","12":"pa_suurus-41-3","13":"pa_suurus-42-3","14":"pa_suurus-43-3","15":"pa_suurus-44-3","16":"pa_suurus-45-3","17":"pa_suurus-46-3","18":"pa_suurus-47-3","19":"pa_suurus-48-3","20":"pa_suurus-35-en","21":"pa_suurus-36-en","22":"pa_suurus-37-en","23":"pa_suurus-49-en","24":"pa_suurus-50-en","25":"pa_suurus-51-en","27":"first","28":"instock","29":"taxable","30":"shipping-taxable","31":"purchasable","32":"product-type-simple"},"acf":[],"_links":{"self":[{"href":"https:\/\/laskur.ee\/en\/wp-json\/wp\/v2\/product\/131488","targetHints":{"allow":["GET"]}}],"collection":[{"href":"https:\/\/laskur.ee\/en\/wp-json\/wp\/v2\/product"}],"about":[{"href":"https:\/\/laskur.ee\/en\/wp-json\/wp\/v2\/types\/product"}],"wp:featuredmedia":[{"embeddable":true,"href":"https:\/\/laskur.ee\/en\/wp-json\/wp\/v2\/media\/131506"}],"wp:attachment":[{"href":"https:\/\/laskur.ee\/en\/wp-json\/wp\/v2\/media?parent=131488"}],"wp:term":[{"taxonomy":"product_brand","embeddable":true,"href":"https:\/\/laskur.ee\/en\/wp-json\/wp\/v2\/product_brand?post=131488"},{"taxonomy":"product_cat","embeddable":true,"href":"https:\/\/laskur.ee\/en\/wp-json\/wp\/v2\/product_cat?post=131488"},{"taxonomy":"product_tag","embeddable":true,"href":"https:\/\/laskur.ee\/en\/wp-json\/wp\/v2\/product_tag?post=131488"}],"curies":[{"name":"wp","href":"https:\/\/api.w.org\/{rel}","templated":true}]}}