{"id":131584,"date":"2015-07-17T23:55:09","date_gmt":"2015-07-17T23:55:09","guid":{"rendered":"https:\/\/laskur.ee\/?post_type=product&#038;p=131584"},"modified":"2019-04-15T15:27:09","modified_gmt":"2019-04-15T15:27:09","slug":"sauer-kneeling-rolls","status":"publish","type":"product","link":"https:\/\/laskur.ee\/en\/toode\/sauer-kneeling-rolls\/","title":{"rendered":"Sauer kneeling rolls"},"content":{"rendered":"<p>Nappa leather or suede (\u00d8 12 or 15 cm) unfilled ItemNo.: 510 Colour: choice of leather from the colour chart. Canvas (\u00d8 15 cm), unfilled Item No.: 512 Colour: choice of canvas from the colour chart Canvas-leather mix (\u00d8 12 or 15 cm) body 50% leather, 50% canvas, sides 100% canvas ItemNo.: 511 Colour: choice of leather\/canvas from the colour chart We have expanded our range of kneeling rolls to include the \u201cTop Grip with Leather\u201d version. The Top Grip material gives this model better grip and makes it even firmer. These kneeling rolls are available in 12 cm and 15 cm diameters. Model: Top Grip Leather unfilled, (\u00d8 12 or 15 cm) Material: Cowhide, Top Grip (100 % rubber).<\/p>\n","protected":false},"excerpt":{"rendered":"<p>Kneeling rolls are available both filled and unfilled. The canvas rolls are only available in a diameter of 15 cm. The leather rolls in patent leather or suede are available in diameters of 12 or 15 cm. Our standard roll in suede is available is available in a combination of blue and black in diameters of 12 and 15 cm.<\/p>\n","protected":false},"featured_media":131605,"template":"","meta":{"_acf_changed":false},"product_brand":[],"product_cat":[243,337],"product_tag":[],"class_list":{"0":"post-131584","1":"product","2":"type-product","3":"status-publish","4":"has-post-thumbnail","6":"product_cat-clothing","7":"product_cat-lisavarustus-4","8":"pa_varv-green-2","9":"pa_varv-orange-2","10":"pa_varv-yellow-2","12":"first","13":"outofstock","14":"taxable","15":"shipping-taxable","16":"purchasable","17":"product-type-variable"},"acf":[],"_links":{"self":[{"href":"https:\/\/laskur.ee\/en\/wp-json\/wp\/v2\/product\/131584","targetHints":{"allow":["GET"]}}],"collection":[{"href":"https:\/\/laskur.ee\/en\/wp-json\/wp\/v2\/product"}],"about":[{"href":"https:\/\/laskur.ee\/en\/wp-json\/wp\/v2\/types\/product"}],"wp:featuredmedia":[{"embeddable":true,"href":"https:\/\/laskur.ee\/en\/wp-json\/wp\/v2\/media\/131605"}],"wp:attachment":[{"href":"https:\/\/laskur.ee\/en\/wp-json\/wp\/v2\/media?parent=131584"}],"wp:term":[{"taxonomy":"product_brand","embeddable":true,"href":"https:\/\/laskur.ee\/en\/wp-json\/wp\/v2\/product_brand?post=131584"},{"taxonomy":"product_cat","embeddable":true,"href":"https:\/\/laskur.ee\/en\/wp-json\/wp\/v2\/product_cat?post=131584"},{"taxonomy":"product_tag","embeddable":true,"href":"https:\/\/laskur.ee\/en\/wp-json\/wp\/v2\/product_tag?post=131584"}],"curies":[{"name":"wp","href":"https:\/\/api.w.org\/{rel}","templated":true}]}}