{"id":131800,"date":"2015-08-24T12:45:48","date_gmt":"2015-08-24T12:45:48","guid":{"rendered":"https:\/\/laskur.ee\/?post_type=product&#038;p=131800"},"modified":"2019-04-16T14:51:30","modified_gmt":"2019-04-16T14:51:30","slug":"shooting-glove-standard","status":"publish","type":"product","link":"https:\/\/laskur.ee\/en\/toode\/shooting-glove-standard\/","title":{"rendered":"Shooting glove Standard"},"content":{"rendered":"<p>Materjal: 30% kitsenahk, 35% kumm, 35% pol\u00fcester.<\/p>\n<p>Sisematerjal: 34% vill, 33% viskoos, 33% pol\u00fcakr\u00fc\u00fcl.<\/p>\n","protected":false},"excerpt":{"rendered":"<p>Material: 30 % goatskin, 35 % rubber coating, 35% polyurethane Lining: 34% wool, 33% viscose, 33% polyacrylic Colour: blue\/black Sizes: XXS, XS, S, M, L, XL<\/p>\n","protected":false},"featured_media":131813,"template":"","meta":{"_acf_changed":false},"product_brand":[],"product_cat":[243,297,303,337],"product_tag":[],"class_list":{"0":"post-131800","1":"product","2":"type-product","3":"status-publish","4":"has-post-thumbnail","6":"product_cat-clothing","7":"product_cat-gloves","8":"product_cat-sauer-2","9":"product_cat-lisavarustus-4","10":"pa_kaelisus-left-handed","11":"pa_kaelisus-right-handed","12":"pa_suurus-l-en","13":"pa_suurus-m-en","14":"pa_suurus-s-en","15":"pa_suurus-xl-en","16":"pa_suurus-xs-en","17":"pa_suurus-xxs-en","19":"first","20":"outofstock","21":"taxable","22":"shipping-taxable","23":"purchasable","24":"product-type-variable"},"acf":[],"_links":{"self":[{"href":"https:\/\/laskur.ee\/en\/wp-json\/wp\/v2\/product\/131800","targetHints":{"allow":["GET"]}}],"collection":[{"href":"https:\/\/laskur.ee\/en\/wp-json\/wp\/v2\/product"}],"about":[{"href":"https:\/\/laskur.ee\/en\/wp-json\/wp\/v2\/types\/product"}],"wp:featuredmedia":[{"embeddable":true,"href":"https:\/\/laskur.ee\/en\/wp-json\/wp\/v2\/media\/131813"}],"wp:attachment":[{"href":"https:\/\/laskur.ee\/en\/wp-json\/wp\/v2\/media?parent=131800"}],"wp:term":[{"taxonomy":"product_brand","embeddable":true,"href":"https:\/\/laskur.ee\/en\/wp-json\/wp\/v2\/product_brand?post=131800"},{"taxonomy":"product_cat","embeddable":true,"href":"https:\/\/laskur.ee\/en\/wp-json\/wp\/v2\/product_cat?post=131800"},{"taxonomy":"product_tag","embeddable":true,"href":"https:\/\/laskur.ee\/en\/wp-json\/wp\/v2\/product_tag?post=131800"}],"curies":[{"name":"wp","href":"https:\/\/api.w.org\/{rel}","templated":true}]}}