{"id":131919,"date":"2015-08-24T15:57:39","date_gmt":"2015-08-24T15:57:39","guid":{"rendered":"https:\/\/laskur.ee\/?post_type=product&#038;p=131919"},"modified":"2024-08-25T12:00:24","modified_gmt":"2024-08-25T12:00:24","slug":"rws-rifle-match-2","status":"publish","type":"product","link":"https:\/\/laskur.ee\/en\/toode\/rws-rifle-match-2\/","title":{"rendered":"RWS Rifle Match"},"content":{"rendered":"<p><strong>Piiratud tsiviilk\u00e4ibega laskemoona v\u00f5ib meie e-poest osta antud liiki relva soetamisloa v\u00f5i relvaloa alusel, vastavalt relvaseaduses s\u00e4testatud korrale.<\/strong><\/p>\n","protected":false},"excerpt":{"rendered":"<p>RWS Rifle Match on sobiv treening- ja v\u00f5istluspadrun. Toodetud Saksamaal.<\/p>\n","protected":false},"featured_media":131921,"template":"","meta":{"_acf_changed":false},"product_brand":[],"product_cat":[237,287,289],"product_tag":[],"class_list":{"0":"post-131919","1":"product","2":"type-product","3":"status-publish","4":"has-post-thumbnail","6":"product_cat-ammunition","7":"product_cat-22-lr","8":"product_cat-22lr-2","9":"pa_kinnita-et-oled-vahemalt-18-confirm","11":"first","12":"outofstock","13":"taxable","14":"shipping-taxable","15":"product-type-variable"},"acf":[],"_links":{"self":[{"href":"https:\/\/laskur.ee\/en\/wp-json\/wp\/v2\/product\/131919","targetHints":{"allow":["GET"]}}],"collection":[{"href":"https:\/\/laskur.ee\/en\/wp-json\/wp\/v2\/product"}],"about":[{"href":"https:\/\/laskur.ee\/en\/wp-json\/wp\/v2\/types\/product"}],"wp:featuredmedia":[{"embeddable":true,"href":"https:\/\/laskur.ee\/en\/wp-json\/wp\/v2\/media\/131921"}],"wp:attachment":[{"href":"https:\/\/laskur.ee\/en\/wp-json\/wp\/v2\/media?parent=131919"}],"wp:term":[{"taxonomy":"product_brand","embeddable":true,"href":"https:\/\/laskur.ee\/en\/wp-json\/wp\/v2\/product_brand?post=131919"},{"taxonomy":"product_cat","embeddable":true,"href":"https:\/\/laskur.ee\/en\/wp-json\/wp\/v2\/product_cat?post=131919"},{"taxonomy":"product_tag","embeddable":true,"href":"https:\/\/laskur.ee\/en\/wp-json\/wp\/v2\/product_tag?post=131919"}],"curies":[{"name":"wp","href":"https:\/\/api.w.org\/{rel}","templated":true}]}}