{"id":131931,"date":"2015-08-24T16:08:20","date_gmt":"2015-08-24T16:08:20","guid":{"rendered":"https:\/\/laskur.ee\/?post_type=product&#038;p=131931"},"modified":"2024-08-23T19:03:25","modified_gmt":"2024-08-23T19:03:25","slug":"h-n-sport-pellets","status":"publish","type":"product","link":"https:\/\/laskur.ee\/en\/toode\/h-n-sport-pellets\/","title":{"rendered":"H&#038;N Sport Pellets"},"content":{"rendered":"<p>Kaliiber 4,5mm, .177<\/p>\n<p>Kaal 0,53g<\/p>\n<p>Kogus 500tk\/karbis<\/p>\n<p>Soovitatav laskekaugus: 10m<\/p>\n","protected":false},"excerpt":{"rendered":"<p><strong>\u00d5hup\u00fcssikuule saab osta meie e-poest v\u00e4hemalt 18 aastane isik!<\/strong><\/p>\n<p>V\u00e4ga head treeningkuulid tootjalt H&#038;N. Sobivad nii \u00f5hup\u00fcssile kui ka \u00f5hup\u00fcstolile.<\/p>\n","protected":false},"featured_media":135322,"template":"","meta":{"_acf_changed":false},"product_brand":[],"product_cat":[237,285],"product_tag":[],"class_list":{"0":"post-131931","1":"product","2":"type-product","3":"status-publish","4":"has-post-thumbnail","6":"product_cat-ammunition","7":"product_cat-diabolos","8":"pa_kinnita-et-oled-vahemalt-18-confirm","10":"first","11":"instock","12":"taxable","13":"shipping-taxable","14":"purchasable","15":"product-type-simple"},"acf":[],"_links":{"self":[{"href":"https:\/\/laskur.ee\/en\/wp-json\/wp\/v2\/product\/131931","targetHints":{"allow":["GET"]}}],"collection":[{"href":"https:\/\/laskur.ee\/en\/wp-json\/wp\/v2\/product"}],"about":[{"href":"https:\/\/laskur.ee\/en\/wp-json\/wp\/v2\/types\/product"}],"wp:featuredmedia":[{"embeddable":true,"href":"https:\/\/laskur.ee\/en\/wp-json\/wp\/v2\/media\/135322"}],"wp:attachment":[{"href":"https:\/\/laskur.ee\/en\/wp-json\/wp\/v2\/media?parent=131931"}],"wp:term":[{"taxonomy":"product_brand","embeddable":true,"href":"https:\/\/laskur.ee\/en\/wp-json\/wp\/v2\/product_brand?post=131931"},{"taxonomy":"product_cat","embeddable":true,"href":"https:\/\/laskur.ee\/en\/wp-json\/wp\/v2\/product_cat?post=131931"},{"taxonomy":"product_tag","embeddable":true,"href":"https:\/\/laskur.ee\/en\/wp-json\/wp\/v2\/product_tag?post=131931"}],"curies":[{"name":"wp","href":"https:\/\/api.w.org\/{rel}","templated":true}]}}