{"id":131937,"date":"2015-08-24T16:20:03","date_gmt":"2015-08-24T16:20:03","guid":{"rendered":"https:\/\/laskur.ee\/?post_type=product&#038;p=131937"},"modified":"2024-08-24T08:49:20","modified_gmt":"2024-08-24T08:49:20","slug":"h-n-finale-match-rifle-2","status":"publish","type":"product","link":"https:\/\/laskur.ee\/en\/toode\/h-n-finale-match-rifle-2\/","title":{"rendered":"H&#038;N Finale Match Rifle"},"content":{"rendered":"<p><strong>\u00d5hup\u00fcssikuule saab osta meie e-poest v\u00e4hemalt 18 aastane isik!<\/strong><\/p>\n","protected":false},"excerpt":{"rendered":"<p>Tipptasemel v\u00f5istluskuul p\u00fcssilaskurile.<\/p>\n","protected":false},"featured_media":135317,"template":"","meta":{"_acf_changed":false},"product_brand":[],"product_cat":[237,285],"product_tag":[],"class_list":{"0":"post-131937","1":"product","2":"type-product","3":"status-publish","4":"has-post-thumbnail","6":"product_cat-ammunition","7":"product_cat-diabolos","8":"pa_kinnita-et-oled-vahemalt-18-confirm","10":"first","11":"instock","12":"taxable","13":"shipping-taxable","14":"purchasable","15":"product-type-simple"},"acf":[],"_links":{"self":[{"href":"https:\/\/laskur.ee\/en\/wp-json\/wp\/v2\/product\/131937","targetHints":{"allow":["GET"]}}],"collection":[{"href":"https:\/\/laskur.ee\/en\/wp-json\/wp\/v2\/product"}],"about":[{"href":"https:\/\/laskur.ee\/en\/wp-json\/wp\/v2\/types\/product"}],"wp:featuredmedia":[{"embeddable":true,"href":"https:\/\/laskur.ee\/en\/wp-json\/wp\/v2\/media\/135317"}],"wp:attachment":[{"href":"https:\/\/laskur.ee\/en\/wp-json\/wp\/v2\/media?parent=131937"}],"wp:term":[{"taxonomy":"product_brand","embeddable":true,"href":"https:\/\/laskur.ee\/en\/wp-json\/wp\/v2\/product_brand?post=131937"},{"taxonomy":"product_cat","embeddable":true,"href":"https:\/\/laskur.ee\/en\/wp-json\/wp\/v2\/product_cat?post=131937"},{"taxonomy":"product_tag","embeddable":true,"href":"https:\/\/laskur.ee\/en\/wp-json\/wp\/v2\/product_tag?post=131937"}],"curies":[{"name":"wp","href":"https:\/\/api.w.org\/{rel}","templated":true}]}}