{"id":132835,"date":"2015-09-15T12:22:30","date_gmt":"2015-09-15T12:22:30","guid":{"rendered":"https:\/\/laskur.ee\/?post_type=product&#038;p=132835"},"modified":"2019-08-01T13:24:50","modified_gmt":"2019-08-01T13:24:50","slug":"800-evolution","status":"publish","type":"product","link":"https:\/\/laskur.ee\/en\/toode\/800-evolution\/","title":{"rendered":"800 Evolution"},"content":{"rendered":"<p>K\u00f5rgekvaliteediline 800 seeria sisu on paigaldatud\u00a0sihvaka ning \u00fclimalt kerge alumiiniumist kaba k\u00fclge. Universaalne parem\/vasak k\u00e4epide v\u00f5imaldab mugavat p\u00fcssi k\u00e4sitlemist. P\u00f5setugi ja kabaraud on reguleeritavad nii pikkuses kui k\u00f5rguses. Puidust k\u00e4epide on p\u00f6\u00f6ratav ja k\u00f5rgus reguleeritav. Kuivtreeningu v\u00f5imalus. Mudel on t\u00e4iendatav FWB lisaseadmetega vastavalt laskuri vajaduste suurenemisele.\u00a0<\/p>\n<p>Komplekti kuulub Match-diopter, esisihik, suru\u00f5huballoon t\u00e4iteadapteriga, transportkohver.<\/p>\n<p>Kogukaal: 3,6kg<\/p>\n<\/p>\n<p><strong>Piiramata tsiviilk\u00e4ibega relvi saab osta meie e-poest v\u00e4hemalt 18 aastane isik!<\/strong><\/p>\n","protected":false},"excerpt":{"rendered":"<p>Ideaalne \u00f5hup\u00fcss mitmeotstarbeliseks ja paindlikuks kasutamiseks laskespordis.\u00a0<\/p>\n","protected":false},"featured_media":132837,"template":"","meta":{"_acf_changed":false},"product_brand":[],"product_cat":[235,247,249,253],"product_tag":[],"class_list":{"0":"post-132835","1":"product","2":"type-product","3":"status-publish","4":"has-post-thumbnail","6":"product_cat-sport-weapons","7":"product_cat-air-guns","8":"product_cat-air-rifles","9":"product_cat-feinwerkbau-2","10":"pa_kinnita-et-oled-vahemalt-18-confirm","12":"first","13":"instock","14":"taxable","15":"shipping-taxable","16":"purchasable","17":"product-type-simple"},"acf":[],"_links":{"self":[{"href":"https:\/\/laskur.ee\/en\/wp-json\/wp\/v2\/product\/132835","targetHints":{"allow":["GET"]}}],"collection":[{"href":"https:\/\/laskur.ee\/en\/wp-json\/wp\/v2\/product"}],"about":[{"href":"https:\/\/laskur.ee\/en\/wp-json\/wp\/v2\/types\/product"}],"wp:featuredmedia":[{"embeddable":true,"href":"https:\/\/laskur.ee\/en\/wp-json\/wp\/v2\/media\/132837"}],"wp:attachment":[{"href":"https:\/\/laskur.ee\/en\/wp-json\/wp\/v2\/media?parent=132835"}],"wp:term":[{"taxonomy":"product_brand","embeddable":true,"href":"https:\/\/laskur.ee\/en\/wp-json\/wp\/v2\/product_brand?post=132835"},{"taxonomy":"product_cat","embeddable":true,"href":"https:\/\/laskur.ee\/en\/wp-json\/wp\/v2\/product_cat?post=132835"},{"taxonomy":"product_tag","embeddable":true,"href":"https:\/\/laskur.ee\/en\/wp-json\/wp\/v2\/product_tag?post=132835"}],"curies":[{"name":"wp","href":"https:\/\/api.w.org\/{rel}","templated":true}]}}