{"id":132855,"date":"2015-09-15T14:53:11","date_gmt":"2015-09-15T14:53:11","guid":{"rendered":"https:\/\/laskur.ee\/?post_type=product&#038;p=132855"},"modified":"2017-09-18T12:24:33","modified_gmt":"2017-09-18T12:24:33","slug":"feinwekbau-800-alu","status":"publish","type":"product","link":"https:\/\/laskur.ee\/en\/toode\/feinwekbau-800-alu\/","title":{"rendered":"Feinwekbau 800 Alu"},"content":{"rendered":"<p>Mudelil on innovatiivne r\u00f5huv\u00e4hendamise p\u00f5him\u00f5te. Mudel 800 Alu on varustatud Feinwerkbau patendeeritud absorberiga, mis annab ideaalse v\u00f5imaluse v\u00e4ga sujuvaks lasuks. Erinevad kaba reguleerimise v\u00f5imaluseld pakuvad p\u00fcssi ideaalset sobitumist vastavalt laskuri erip\u00e4rale. Kabarauda on v\u00f5imalik \u00a0seadistada\u00a0erinevale k\u00f5rgusele, pikkusesse ning kabaraua \u00fclemine osa on eraldi p\u00f6\u00f6ratav. P\u00f5setugi pikkusesse ja k\u00f5rgusesse reguleeritav. P\u00fcssil on kolmedimensiooniline ergonommiline k\u00e4epide valitava suurusega. K\u00e4etugi p\u00f6\u00f6ratav ning k\u00f5rguses ja pikkuses reguleeritav. Antud mudelil on Vario esisihik koos sihikuk\u00f5rgendusega. Kuivtreeningu v\u00f5imalus. Saadaval kahes v\u00e4rvikombinatsioonis- klassikaline must v\u00f5i lamineeritud punase- musta kirjust puidust k\u00e4epideme ja p\u00f5setoega.\u00a0<\/p>\n<p>Komplektis on Match diopter ja 4&#215;4 esisihik, transportkohver.<\/p>\n<p>Kogukaal: 4,5kg.\u00a0<\/p>\n<\/p>\n<p><strong>Piiramata tsiviilk\u00e4ibega relvi saab osta meie e-poest v\u00e4hemalt 18 aastane isik!<\/strong><\/p>\n","protected":false},"excerpt":{"rendered":"<p>Inovatiivne 800 seeria mudel uudse alumiiniumkabaga, mis pakub mitmek\u00fclgseid t\u00e4iendamisv\u00f5imalusi.\u00a0<\/p>\n","protected":false},"featured_media":132868,"template":"","meta":{"_acf_changed":false},"product_brand":[],"product_cat":[235,247,249,253],"product_tag":[],"class_list":{"0":"post-132855","1":"product","2":"type-product","3":"status-publish","4":"has-post-thumbnail","6":"product_cat-sport-weapons","7":"product_cat-air-guns","8":"product_cat-air-rifles","9":"product_cat-feinwerkbau-2","10":"pa_kaelisus-left-handed","11":"pa_kaelisus-right-handed","12":"pa_kinnita-et-oled-vahemalt-18-confirm","13":"pa_suurus-l-en","14":"pa_suurus-m-en","15":"pa_suurus-s-en","16":"pa_varv-black-2","18":"first","19":"instock","20":"taxable","21":"shipping-taxable","22":"purchasable","23":"product-type-simple"},"acf":[],"_links":{"self":[{"href":"https:\/\/laskur.ee\/en\/wp-json\/wp\/v2\/product\/132855","targetHints":{"allow":["GET"]}}],"collection":[{"href":"https:\/\/laskur.ee\/en\/wp-json\/wp\/v2\/product"}],"about":[{"href":"https:\/\/laskur.ee\/en\/wp-json\/wp\/v2\/types\/product"}],"wp:featuredmedia":[{"embeddable":true,"href":"https:\/\/laskur.ee\/en\/wp-json\/wp\/v2\/media\/132868"}],"wp:attachment":[{"href":"https:\/\/laskur.ee\/en\/wp-json\/wp\/v2\/media?parent=132855"}],"wp:term":[{"taxonomy":"product_brand","embeddable":true,"href":"https:\/\/laskur.ee\/en\/wp-json\/wp\/v2\/product_brand?post=132855"},{"taxonomy":"product_cat","embeddable":true,"href":"https:\/\/laskur.ee\/en\/wp-json\/wp\/v2\/product_cat?post=132855"},{"taxonomy":"product_tag","embeddable":true,"href":"https:\/\/laskur.ee\/en\/wp-json\/wp\/v2\/product_tag?post=132855"}],"curies":[{"name":"wp","href":"https:\/\/api.w.org\/{rel}","templated":true}]}}