{"id":133045,"date":"2015-10-08T16:12:37","date_gmt":"2015-10-08T16:12:37","guid":{"rendered":"https:\/\/laskur.ee\/?post_type=product&#038;p=133045"},"modified":"2024-08-26T08:58:20","modified_gmt":"2024-08-26T08:58:20","slug":"sportpustol-walther-gsp-22-expert-2","status":"publish","type":"product","link":"https:\/\/laskur.ee\/en\/toode\/sportpustol-walther-gsp-22-expert-2\/","title":{"rendered":"Sportp\u00fcstol Walther GSP 22 EXPERT"},"content":{"rendered":"<p>P\u00fcstolil on puidust k\u00e4epide, p\u00fcstol on v\u00e4ga t\u00f6\u00f6kindel erinevaid laskemoonasid kasutades, sihikud on paigaldatud v\u00f5imalikult l\u00e4hedale randmele, et v\u00e4ltida t\u00e4psusvigu lasu sooritamisel. Kuivtreeningu v\u00f5imalus puudub. Kaal 1200g.<\/p>\n<\/p>\n<p><strong>Piiratud tsiviilk\u00e4ibega relvi v\u00f5ib meie e-poest osta peale digitaalset isikutuvastamist ja antud liiki relva soetamisloa v\u00f5i relvaloa esitamist, vastavalt relvaseaduses s\u00e4testatud korrale.<\/strong><\/p>\n","protected":false},"excerpt":{"rendered":"<p>Maailma populaarseim sportp\u00fcstol t\u00e4nu pidevalt t\u00e4iustatud ja arendatud tehnoloogiale. Kolmes suuruses k\u00e4epide (S,M,L) on saadaval paremale k\u00e4ele, vasakuk\u00e4elisele laskurile on saadaval suurus M.\u00a0\u00a0<\/p>\n","protected":false},"featured_media":135414,"template":"","meta":{"_acf_changed":false},"product_brand":[],"product_cat":[347,235,273,279],"product_tag":[],"class_list":{"0":"post-133045","1":"product","2":"type-product","3":"status-publish","4":"has-post-thumbnail","6":"product_cat-small-bore-pistols","7":"product_cat-sport-weapons","8":"product_cat-22-l-r-2","9":"product_cat-walther-6","10":"pa_kaelisus-left-handed","11":"pa_kaelisus-right-handed","12":"pa_kinnita-et-oled-vahemalt-18-confirm","13":"pa_suurus-l-en","14":"pa_suurus-m-en","15":"pa_suurus-s-en","17":"first","18":"instock","19":"taxable","20":"shipping-taxable","21":"purchasable","22":"product-type-simple"},"acf":[],"_links":{"self":[{"href":"https:\/\/laskur.ee\/en\/wp-json\/wp\/v2\/product\/133045","targetHints":{"allow":["GET"]}}],"collection":[{"href":"https:\/\/laskur.ee\/en\/wp-json\/wp\/v2\/product"}],"about":[{"href":"https:\/\/laskur.ee\/en\/wp-json\/wp\/v2\/types\/product"}],"wp:featuredmedia":[{"embeddable":true,"href":"https:\/\/laskur.ee\/en\/wp-json\/wp\/v2\/media\/135414"}],"wp:attachment":[{"href":"https:\/\/laskur.ee\/en\/wp-json\/wp\/v2\/media?parent=133045"}],"wp:term":[{"taxonomy":"product_brand","embeddable":true,"href":"https:\/\/laskur.ee\/en\/wp-json\/wp\/v2\/product_brand?post=133045"},{"taxonomy":"product_cat","embeddable":true,"href":"https:\/\/laskur.ee\/en\/wp-json\/wp\/v2\/product_cat?post=133045"},{"taxonomy":"product_tag","embeddable":true,"href":"https:\/\/laskur.ee\/en\/wp-json\/wp\/v2\/product_tag?post=133045"}],"curies":[{"name":"wp","href":"https:\/\/api.w.org\/{rel}","templated":true}]}}