{"id":133075,"date":"2015-10-12T15:10:42","date_gmt":"2015-10-12T15:10:42","guid":{"rendered":"https:\/\/laskur.ee\/?post_type=product&#038;p=133075"},"modified":"2020-11-09T10:43:07","modified_gmt":"2020-11-09T10:43:07","slug":"gehmann-gp-1-match-2","status":"publish","type":"product","link":"https:\/\/laskur.ee\/en\/toode\/gehmann-gp-1-match-2\/","title":{"rendered":"Gehmann GP-1 Match"},"content":{"rendered":"<ul>\n<li>Exclusively for Gehmann designed pre-charged match air-pistol<\/li>\n<li>Complete new regulator makes the velocity extremely consistent and easily maintained<\/li>\n<li>Newly developed inlet valve sits directly behind the loading port giving the shortest possible path for the air to need to travel thus giving an incredibly short action time<\/li>\n<li>Improved air consumption &#8211; more shots per fill<\/li>\n<li>Optimum balance achieved with use of G130<\/li>\n<li>Cocking lever can be fitted to either side of the pistol for\u00a0left- or right-handed operation<\/li>\n<li>Easy-load pellet feed<\/li>\n<li>Detachable cylinder with end-gauge<\/li>\n<li>Fully adjustable anatomical walnut grips available in small, medium or large left- or right-hand &#8211; but also available to order in extra-small or extra-large<\/li>\n<li>Rake adjustable for both angle and offset<\/li>\n<li>Trigger mechanism adjustable in all senses<\/li>\n<li>New dry-fire mechanism<\/li>\n<li>Rearsight adjustable for elevation, width and blade cut-out<\/li>\n<li>New muzzle compensator eliminates air turbulance upon shot release and subsequent recoil<\/li>\n<li>Interchangeable foresight blades:<\/li>\n<li>Standard 4.5mm foresight &#8211; or 3.5, 4.0, 5.0 &#038; 5.5mm (extra)<\/li>\n<li>Cased with adaptor, tools, instructions and test group<\/li>\n<\/ul>\n","protected":false},"excerpt":{"rendered":"<p>V\u00f5istlusp\u00fcstol, mis on disainitud Gehmannile. P\u00fcstoli sur\u00f5huballoon on varustatud manomeetriga, reguleeritav puidust k\u00e4epide, p\u00e4\u00e4stik on reguleeritav pikkusesse, p\u00fcstolil on kuivtrenni v\u00f5imalus. P\u00fcstol transporditakse koos kohvriga.<\/p>\n","protected":false},"featured_media":133079,"template":"","meta":{"_acf_changed":false},"product_brand":[],"product_cat":[235,247,259,269],"product_tag":[],"class_list":{"0":"post-133075","1":"product","2":"type-product","3":"status-publish","4":"has-post-thumbnail","6":"product_cat-sport-weapons","7":"product_cat-air-guns","8":"product_cat-air-pistols","9":"product_cat-gehmann-2","10":"pa_kinnita-et-oled-vahemalt-18-confirm","11":"pa_suurus-l-en","12":"pa_suurus-m-en","13":"pa_suurus-s-en","15":"first","16":"instock","17":"taxable","18":"shipping-taxable","19":"purchasable","20":"product-type-simple"},"acf":[],"_links":{"self":[{"href":"https:\/\/laskur.ee\/en\/wp-json\/wp\/v2\/product\/133075","targetHints":{"allow":["GET"]}}],"collection":[{"href":"https:\/\/laskur.ee\/en\/wp-json\/wp\/v2\/product"}],"about":[{"href":"https:\/\/laskur.ee\/en\/wp-json\/wp\/v2\/types\/product"}],"wp:featuredmedia":[{"embeddable":true,"href":"https:\/\/laskur.ee\/en\/wp-json\/wp\/v2\/media\/133079"}],"wp:attachment":[{"href":"https:\/\/laskur.ee\/en\/wp-json\/wp\/v2\/media?parent=133075"}],"wp:term":[{"taxonomy":"product_brand","embeddable":true,"href":"https:\/\/laskur.ee\/en\/wp-json\/wp\/v2\/product_brand?post=133075"},{"taxonomy":"product_cat","embeddable":true,"href":"https:\/\/laskur.ee\/en\/wp-json\/wp\/v2\/product_cat?post=133075"},{"taxonomy":"product_tag","embeddable":true,"href":"https:\/\/laskur.ee\/en\/wp-json\/wp\/v2\/product_tag?post=133075"}],"curies":[{"name":"wp","href":"https:\/\/api.w.org\/{rel}","templated":true}]}}