{"id":133177,"date":"2015-11-30T12:50:22","date_gmt":"2015-11-30T12:50:22","guid":{"rendered":"https:\/\/laskur.ee\/?post_type=product&#038;p=133177"},"modified":"2024-08-25T11:57:42","modified_gmt":"2024-08-25T11:57:42","slug":"sk-rifle-match-2","status":"publish","type":"product","link":"https:\/\/laskur.ee\/en\/toode\/sk-rifle-match-2\/","title":{"rendered":"SK Rifle Match"},"content":{"rendered":"<p><strong>Piiratud tsiviilk\u00e4ibega laskemoona v\u00f5ib meie e-poest osta antud liiki relva soetamisloa v\u00f5i relvaloa alusel, vastavalt relvaseaduses s\u00e4testatud korrale.<\/strong><\/p>\n","protected":false},"excerpt":{"rendered":"<p>Piiratud tsiviilk\u00e4ibega laskemoona v\u00f5ib meie e-poest osta antud liiki relva soetamisloa v\u00f5i relvaloa alusel, vastavalt relvaseaduses s\u00e4testatud korrale.<\/p>\n","protected":false},"featured_media":133179,"template":"","meta":{"_acf_changed":false},"product_brand":[],"product_cat":[287,289,237],"product_tag":[],"class_list":{"0":"post-133177","1":"product","2":"type-product","3":"status-publish","4":"has-post-thumbnail","6":"product_cat-22-lr","7":"product_cat-22lr-2","8":"product_cat-ammunition","9":"pa_kinnita-et-oled-vahemalt-18-confirm","11":"first","12":"outofstock","13":"taxable","14":"shipping-taxable","15":"product-type-variable"},"acf":[],"_links":{"self":[{"href":"https:\/\/laskur.ee\/en\/wp-json\/wp\/v2\/product\/133177","targetHints":{"allow":["GET"]}}],"collection":[{"href":"https:\/\/laskur.ee\/en\/wp-json\/wp\/v2\/product"}],"about":[{"href":"https:\/\/laskur.ee\/en\/wp-json\/wp\/v2\/types\/product"}],"wp:featuredmedia":[{"embeddable":true,"href":"https:\/\/laskur.ee\/en\/wp-json\/wp\/v2\/media\/133179"}],"wp:attachment":[{"href":"https:\/\/laskur.ee\/en\/wp-json\/wp\/v2\/media?parent=133177"}],"wp:term":[{"taxonomy":"product_brand","embeddable":true,"href":"https:\/\/laskur.ee\/en\/wp-json\/wp\/v2\/product_brand?post=133177"},{"taxonomy":"product_cat","embeddable":true,"href":"https:\/\/laskur.ee\/en\/wp-json\/wp\/v2\/product_cat?post=133177"},{"taxonomy":"product_tag","embeddable":true,"href":"https:\/\/laskur.ee\/en\/wp-json\/wp\/v2\/product_tag?post=133177"}],"curies":[{"name":"wp","href":"https:\/\/api.w.org\/{rel}","templated":true}]}}