{"id":133236,"date":"2015-12-06T11:18:10","date_gmt":"2015-12-06T11:18:10","guid":{"rendered":"https:\/\/laskur.ee\/?post_type=product&#038;p=133236"},"modified":"2020-11-09T10:43:08","modified_gmt":"2020-11-09T10:43:08","slug":"hammerli-shooting-jacket","status":"publish","type":"product","link":"https:\/\/laskur.ee\/en\/toode\/hammerli-shooting-jacket\/","title":{"rendered":"H\u00e4mmerli shooting jacket"},"content":{"rendered":"","protected":false},"excerpt":{"rendered":"<p>H\u00e4stiisituv H\u00e4mmerli laskurijakk naistele ja meestele. Naisetele suurused 36-48, meestele 48-60, noortele 152, 164, 176.<\/p>\n","protected":false},"featured_media":133285,"template":"","meta":{"_acf_changed":false},"product_brand":[],"product_cat":[243,305],"product_tag":[],"class_list":{"0":"post-133236","1":"product","2":"type-product","3":"status-publish","4":"has-post-thumbnail","6":"product_cat-clothing","7":"product_cat-jackets","8":"pa_sugu-men","9":"pa_sugu-women","10":"pa_sugu-young","11":"pa_suurus-38-3","12":"pa_suurus-40-3","13":"pa_suurus-42-3","14":"pa_suurus-44-3","15":"pa_suurus-46-3","16":"pa_suurus-48-3","17":"pa_suurus-152-en","18":"pa_suurus-164-en","19":"pa_suurus-176-en","20":"pa_suurus-36-en","21":"pa_suurus-50-en","22":"pa_suurus-52-en","23":"pa_suurus-54-en","24":"pa_suurus-56-en","25":"pa_suurus-58-en","26":"pa_suurus-60-en","28":"first","29":"instock","30":"taxable","31":"shipping-taxable","32":"purchasable","33":"product-type-variable"},"acf":[],"_links":{"self":[{"href":"https:\/\/laskur.ee\/en\/wp-json\/wp\/v2\/product\/133236","targetHints":{"allow":["GET"]}}],"collection":[{"href":"https:\/\/laskur.ee\/en\/wp-json\/wp\/v2\/product"}],"about":[{"href":"https:\/\/laskur.ee\/en\/wp-json\/wp\/v2\/types\/product"}],"wp:featuredmedia":[{"embeddable":true,"href":"https:\/\/laskur.ee\/en\/wp-json\/wp\/v2\/media\/133285"}],"wp:attachment":[{"href":"https:\/\/laskur.ee\/en\/wp-json\/wp\/v2\/media?parent=133236"}],"wp:term":[{"taxonomy":"product_brand","embeddable":true,"href":"https:\/\/laskur.ee\/en\/wp-json\/wp\/v2\/product_brand?post=133236"},{"taxonomy":"product_cat","embeddable":true,"href":"https:\/\/laskur.ee\/en\/wp-json\/wp\/v2\/product_cat?post=133236"},{"taxonomy":"product_tag","embeddable":true,"href":"https:\/\/laskur.ee\/en\/wp-json\/wp\/v2\/product_tag?post=133236"}],"curies":[{"name":"wp","href":"https:\/\/api.w.org\/{rel}","templated":true}]}}