{"id":133536,"date":"2016-03-17T15:21:31","date_gmt":"2016-03-17T15:21:31","guid":{"rendered":"https:\/\/laskur.ee\/?post_type=product&#038;p=133536"},"modified":"2020-11-09T10:43:08","modified_gmt":"2020-11-09T10:43:08","slug":"morini-cm-162ei-2","status":"publish","type":"product","link":"https:\/\/laskur.ee\/en\/toode\/morini-cm-162ei-2\/","title":{"rendered":"Morini CM 162EI"},"content":{"rendered":"<p><a href=\"http:\/\/www.morini.ch\/product_det.php?id=1\">http:\/\/www.morini.ch\/product_det.php?id=1<\/a><\/p>\n","protected":false},"excerpt":{"rendered":"<p>Morini \u00f5hup\u00fcstol CM 162EI on elektroonilise p\u00e4\u00e4stikuga, mis t\u00f6\u00f6tab kahe v\u00e4ikese AAA patareiga, millest j\u00e4tkub 15000 lasuks. Reguleeritav p\u00e4hklipuust k\u00e4epide, mida saab suuruses XXS-XXL. Komplekti kuulub kaks manomeetriga silindrit (punane ja sinine), t\u00e4itmisotsik, patareid, p\u00fcstoli kohver, t\u00f6\u00f6riistakomplekt. P\u00fcstolil on kuivtreeningu v\u00f5imalus. Laskude arv \u00fche laadimisega 200. Kaal 1020kg.<\/p>\n","protected":false},"featured_media":133551,"template":"","meta":{"_acf_changed":false},"product_brand":[],"product_cat":[235,247,259,267],"product_tag":[],"class_list":{"0":"post-133536","1":"product","2":"type-product","3":"status-publish","4":"has-post-thumbnail","6":"product_cat-sport-weapons","7":"product_cat-air-guns","8":"product_cat-air-pistols","9":"product_cat-morini-2","10":"pa_kaepide-left-handed-2","11":"pa_kaepide-right-handed-2","12":"pa_kinnita-et-oled-vahemalt-18-confirm","13":"pa_suurus-l-en","14":"pa_suurus-m-en","15":"pa_suurus-s-en","16":"pa_suurus-xl-en","17":"pa_suurus-xs-en","18":"pa_suurus-xxl-en","19":"pa_suurus-xxs-en","21":"first","22":"outofstock","23":"taxable","24":"shipping-taxable","25":"purchasable","26":"product-type-variable"},"acf":[],"_links":{"self":[{"href":"https:\/\/laskur.ee\/en\/wp-json\/wp\/v2\/product\/133536","targetHints":{"allow":["GET"]}}],"collection":[{"href":"https:\/\/laskur.ee\/en\/wp-json\/wp\/v2\/product"}],"about":[{"href":"https:\/\/laskur.ee\/en\/wp-json\/wp\/v2\/types\/product"}],"wp:featuredmedia":[{"embeddable":true,"href":"https:\/\/laskur.ee\/en\/wp-json\/wp\/v2\/media\/133551"}],"wp:attachment":[{"href":"https:\/\/laskur.ee\/en\/wp-json\/wp\/v2\/media?parent=133536"}],"wp:term":[{"taxonomy":"product_brand","embeddable":true,"href":"https:\/\/laskur.ee\/en\/wp-json\/wp\/v2\/product_brand?post=133536"},{"taxonomy":"product_cat","embeddable":true,"href":"https:\/\/laskur.ee\/en\/wp-json\/wp\/v2\/product_cat?post=133536"},{"taxonomy":"product_tag","embeddable":true,"href":"https:\/\/laskur.ee\/en\/wp-json\/wp\/v2\/product_tag?post=133536"}],"curies":[{"name":"wp","href":"https:\/\/api.w.org\/{rel}","templated":true}]}}