{"id":133571,"date":"2016-03-17T15:33:10","date_gmt":"2016-03-17T15:33:10","guid":{"rendered":"https:\/\/laskur.ee\/?post_type=product&#038;p=133571"},"modified":"2020-11-09T10:43:08","modified_gmt":"2020-11-09T10:43:08","slug":"morin-cm-162mi-2","status":"publish","type":"product","link":"https:\/\/laskur.ee\/en\/toode\/morin-cm-162mi-2\/","title":{"rendered":"Morin CM 162MI"},"content":{"rendered":"<p>http:\/\/www.morini.ch\/product_det.php?id=3<\/p>\n","protected":false},"excerpt":{"rendered":"<p>Mehhaaniline p\u00e4\u00e4stik, t\u00e4ielikult reguleeritav p\u00e4hklipuust k\u00e4epide. K\u00e4epideme suurused XXS-XXL. Komplekti kuulub kaks manomeetriga silindrit (punane ja sinine), t\u00e4itmisotsik, p\u00fcstoli kohver, t\u00f6\u00f6riistakomplekt. P\u00fcstolil on kuivtreeningu v\u00f5imalus. Laskude arv \u00fche laadimisega 200. Kaal 960g.<\/p>\n","protected":false},"featured_media":133586,"template":"","meta":{"_acf_changed":false},"product_brand":[],"product_cat":[267,235,247,259],"product_tag":[],"class_list":{"0":"post-133571","1":"product","2":"type-product","3":"status-publish","4":"has-post-thumbnail","6":"product_cat-morini-2","7":"product_cat-sport-weapons","8":"product_cat-air-guns","9":"product_cat-air-pistols","10":"pa_kaepide-left-handed-2","11":"pa_kaepide-right-handed-2","12":"pa_suurus-l-en","13":"pa_suurus-m-en","14":"pa_suurus-s-en","15":"pa_suurus-xl-en","16":"pa_suurus-xs-en","17":"pa_suurus-xxl-en","18":"pa_suurus-xxs-en","20":"first","21":"outofstock","22":"taxable","23":"shipping-taxable","24":"purchasable","25":"product-type-variable"},"acf":[],"_links":{"self":[{"href":"https:\/\/laskur.ee\/en\/wp-json\/wp\/v2\/product\/133571","targetHints":{"allow":["GET"]}}],"collection":[{"href":"https:\/\/laskur.ee\/en\/wp-json\/wp\/v2\/product"}],"about":[{"href":"https:\/\/laskur.ee\/en\/wp-json\/wp\/v2\/types\/product"}],"wp:featuredmedia":[{"embeddable":true,"href":"https:\/\/laskur.ee\/en\/wp-json\/wp\/v2\/media\/133586"}],"wp:attachment":[{"href":"https:\/\/laskur.ee\/en\/wp-json\/wp\/v2\/media?parent=133571"}],"wp:term":[{"taxonomy":"product_brand","embeddable":true,"href":"https:\/\/laskur.ee\/en\/wp-json\/wp\/v2\/product_brand?post=133571"},{"taxonomy":"product_cat","embeddable":true,"href":"https:\/\/laskur.ee\/en\/wp-json\/wp\/v2\/product_cat?post=133571"},{"taxonomy":"product_tag","embeddable":true,"href":"https:\/\/laskur.ee\/en\/wp-json\/wp\/v2\/product_tag?post=133571"}],"curies":[{"name":"wp","href":"https:\/\/api.w.org\/{rel}","templated":true}]}}