{"id":133600,"date":"2016-03-17T15:40:14","date_gmt":"2016-03-17T15:40:14","guid":{"rendered":"https:\/\/laskur.ee\/?post_type=product&#038;p=133600"},"modified":"2020-11-09T10:43:08","modified_gmt":"2020-11-09T10:43:08","slug":"feinwerkbau-p-8x-2","status":"publish","type":"product","link":"https:\/\/laskur.ee\/en\/toode\/feinwerkbau-p-8x-2\/","title":{"rendered":"Feinwerkbau P 8X"},"content":{"rendered":"<p><a href=\"http:\/\/www.feinwerkbau.de\/en\/Sporting-Weapons\/Air-Pistols\/NEW-Air-Pistol-Model-P-8X\">http:\/\/www.feinwerkbau.de\/en\/Sporting-Weapons\/Air-Pistols\/NEW-Air-Pistol-Model-P-8X<\/a><\/p>\n","protected":false},"excerpt":{"rendered":"<p>K\u00f5ige uuemal Feinwerkbau P8X mudelil on t\u00e4ielikult reguleeritav 3D p\u00e4hklipuust k\u00e4epide, mis on saadaval suuruses XXS-L, reguleeritav kolmedimensiooniline p\u00e4\u00e4stik, mis kuiva tehes annab sama tunnetuse, kui lasu sooritamisel. Komplektiga tuleb kaasa 4 lisaraskust (15g \u00fcks). Laskude arv \u00fche laadimisega 160 (200bar). Kaal ilma lisaraskusteta 950g.<\/p>\n","protected":false},"featured_media":133611,"template":"","meta":{"_acf_changed":false},"product_brand":[],"product_cat":[235,247,259,263],"product_tag":[],"class_list":{"0":"post-133600","1":"product","2":"type-product","3":"status-publish","4":"has-post-thumbnail","6":"product_cat-sport-weapons","7":"product_cat-air-guns","8":"product_cat-air-pistols","9":"product_cat-feinwerkbau-4","10":"pa_kaepide-left-handed-2","11":"pa_kaepide-right-handed-2","12":"pa_suurus-l-en","13":"pa_suurus-m-en","14":"pa_suurus-s-en","15":"pa_suurus-xs-en","16":"pa_suurus-xxs-en","18":"first","19":"instock","20":"taxable","21":"shipping-taxable","22":"purchasable","23":"product-type-simple"},"acf":[],"_links":{"self":[{"href":"https:\/\/laskur.ee\/en\/wp-json\/wp\/v2\/product\/133600","targetHints":{"allow":["GET"]}}],"collection":[{"href":"https:\/\/laskur.ee\/en\/wp-json\/wp\/v2\/product"}],"about":[{"href":"https:\/\/laskur.ee\/en\/wp-json\/wp\/v2\/types\/product"}],"wp:featuredmedia":[{"embeddable":true,"href":"https:\/\/laskur.ee\/en\/wp-json\/wp\/v2\/media\/133611"}],"wp:attachment":[{"href":"https:\/\/laskur.ee\/en\/wp-json\/wp\/v2\/media?parent=133600"}],"wp:term":[{"taxonomy":"product_brand","embeddable":true,"href":"https:\/\/laskur.ee\/en\/wp-json\/wp\/v2\/product_brand?post=133600"},{"taxonomy":"product_cat","embeddable":true,"href":"https:\/\/laskur.ee\/en\/wp-json\/wp\/v2\/product_cat?post=133600"},{"taxonomy":"product_tag","embeddable":true,"href":"https:\/\/laskur.ee\/en\/wp-json\/wp\/v2\/product_tag?post=133600"}],"curies":[{"name":"wp","href":"https:\/\/api.w.org\/{rel}","templated":true}]}}