{"id":133698,"date":"2016-03-31T20:48:15","date_gmt":"2016-03-31T20:48:15","guid":{"rendered":"https:\/\/laskur.ee\/?post_type=product&#038;p=133698"},"modified":"2020-11-09T10:43:08","modified_gmt":"2020-11-09T10:43:08","slug":"conical-target-holder-cm14x14","status":"publish","type":"product","link":"https:\/\/laskur.ee\/en\/toode\/conical-target-holder-cm14x14\/","title":{"rendered":"Conical target holder cm14x14"},"content":{"rendered":"","protected":false},"excerpt":{"rendered":"<p>\u00d5hkrelva kuulip\u00fc\u00fcdja koos m\u00e4rklehega 14&#215;14.\u00a0<\/p>\n","protected":false},"featured_media":133699,"template":"","meta":{"_acf_changed":false},"product_brand":[],"product_cat":[237,239,247,249,259,285],"product_tag":[],"class_list":{"0":"post-133698","1":"product","2":"type-product","3":"status-publish","4":"has-post-thumbnail","6":"product_cat-ammunition","7":"product_cat-accessories","8":"product_cat-air-guns","9":"product_cat-air-rifles","10":"product_cat-air-pistols","11":"product_cat-diabolos","13":"first","14":"instock","15":"taxable","16":"shipping-taxable","17":"purchasable","18":"product-type-simple"},"acf":[],"_links":{"self":[{"href":"https:\/\/laskur.ee\/en\/wp-json\/wp\/v2\/product\/133698","targetHints":{"allow":["GET"]}}],"collection":[{"href":"https:\/\/laskur.ee\/en\/wp-json\/wp\/v2\/product"}],"about":[{"href":"https:\/\/laskur.ee\/en\/wp-json\/wp\/v2\/types\/product"}],"wp:featuredmedia":[{"embeddable":true,"href":"https:\/\/laskur.ee\/en\/wp-json\/wp\/v2\/media\/133699"}],"wp:attachment":[{"href":"https:\/\/laskur.ee\/en\/wp-json\/wp\/v2\/media?parent=133698"}],"wp:term":[{"taxonomy":"product_brand","embeddable":true,"href":"https:\/\/laskur.ee\/en\/wp-json\/wp\/v2\/product_brand?post=133698"},{"taxonomy":"product_cat","embeddable":true,"href":"https:\/\/laskur.ee\/en\/wp-json\/wp\/v2\/product_cat?post=133698"},{"taxonomy":"product_tag","embeddable":true,"href":"https:\/\/laskur.ee\/en\/wp-json\/wp\/v2\/product_tag?post=133698"}],"curies":[{"name":"wp","href":"https:\/\/api.w.org\/{rel}","templated":true}]}}