{"id":133710,"date":"2016-04-12T13:53:28","date_gmt":"2016-04-12T13:53:28","guid":{"rendered":"https:\/\/laskur.ee\/?post_type=product&#038;p=133710"},"modified":"2020-11-09T10:43:08","modified_gmt":"2020-11-09T10:43:08","slug":"lapua-x-act-2","status":"publish","type":"product","link":"https:\/\/laskur.ee\/en\/toode\/lapua-x-act-2\/","title":{"rendered":"Lapua X-act"},"content":{"rendered":"<p><strong>Piiratud tsiviilk\u00e4ibega laskemoona v\u00f5ib meie e-poest osta antud liiki relva soetamisloa v\u00f5i relvaloa alusel, vastavalt relvaseaduses s\u00e4testatud korrale.<\/strong><\/p>\n","protected":false},"excerpt":{"rendered":"<p>Piiratud tsiviilk\u00e4ibega laskemoona v\u00f5ib meie e-poest osta antud liiki relva soetamisloa v\u00f5i relvaloa alusel, vastavalt relvaseaduses s\u00e4testatud korrale.<\/p>\n","protected":false},"featured_media":133711,"template":"","meta":{"_acf_changed":false},"product_brand":[],"product_cat":[237,287,289],"product_tag":[],"class_list":{"0":"post-133710","1":"product","2":"type-product","3":"status-publish","4":"has-post-thumbnail","6":"product_cat-ammunition","7":"product_cat-22-lr","8":"product_cat-22lr-2","10":"first","11":"outofstock","12":"taxable","13":"shipping-taxable","14":"product-type-simple"},"acf":[],"_links":{"self":[{"href":"https:\/\/laskur.ee\/en\/wp-json\/wp\/v2\/product\/133710","targetHints":{"allow":["GET"]}}],"collection":[{"href":"https:\/\/laskur.ee\/en\/wp-json\/wp\/v2\/product"}],"about":[{"href":"https:\/\/laskur.ee\/en\/wp-json\/wp\/v2\/types\/product"}],"wp:featuredmedia":[{"embeddable":true,"href":"https:\/\/laskur.ee\/en\/wp-json\/wp\/v2\/media\/133711"}],"wp:attachment":[{"href":"https:\/\/laskur.ee\/en\/wp-json\/wp\/v2\/media?parent=133710"}],"wp:term":[{"taxonomy":"product_brand","embeddable":true,"href":"https:\/\/laskur.ee\/en\/wp-json\/wp\/v2\/product_brand?post=133710"},{"taxonomy":"product_cat","embeddable":true,"href":"https:\/\/laskur.ee\/en\/wp-json\/wp\/v2\/product_cat?post=133710"},{"taxonomy":"product_tag","embeddable":true,"href":"https:\/\/laskur.ee\/en\/wp-json\/wp\/v2\/product_tag?post=133710"}],"curies":[{"name":"wp","href":"https:\/\/api.w.org\/{rel}","templated":true}]}}