{"id":133716,"date":"2016-04-28T23:14:08","date_gmt":"2016-04-28T23:14:08","guid":{"rendered":"https:\/\/laskur.ee\/?post_type=product&#038;p=133716"},"modified":"2021-03-29T14:30:18","modified_gmt":"2021-03-29T14:30:18","slug":"jahipuss-anshutz-1781-d-g-classic","status":"publish","type":"product","link":"https:\/\/laskur.ee\/en\/toode\/jahipuss-anshutz-1781-d-g-classic\/","title":{"rendered":"Jahip\u00fcss Ansh\u00fctz 1781 D G Classic"},"content":{"rendered":"<p>Raua pikkus 560 mm. Kaliiber .30-06. 5 lasuline magasin. P\u00e4hklipuust kaba.<\/p>\n<p><strong>Piiratud tsiviilk\u00e4ibega relvi v\u00f5ib meie e-poest osta peale digitaalset isikutuvastamist ja antud liiki relva soetamisloa v\u00f5i relvaloa esitamist, vastavalt relvaseaduses s\u00e4testatud korrale.<\/strong><\/p>\n<p><strong><a href=\"http:\/\/jga.anschuetz-sport.com\/index.php5?produktID=1133&#038;menu=441&#038;sprache=1&#038;produktShow=detail\">http:\/\/jga.anschuetz-sport.com\/index.php5?produktID=1133&#038;menu=441&#038;sprache=1&#038;produktShow=detail<\/a><\/strong><\/p>\n","protected":false},"excerpt":{"rendered":"<p>Ansch\u00fctz jahip\u00fcssid on tuntud kogu maailmas oma t\u00e4pse disaini, hoolikalt valitud tipptehnoloogia ja parimate laskeomaduste poolest. 1780 seeria pakub esmaklassilisi jahip\u00fcsse, mis on valmistatud j\u00e4rgides k\u00f5ige kaasaegsemat tulirelvade tehnoloogiat. Ansch\u00fctz viib k\u00f5ikidele oma jahitulirelvadele \u00a0l\u00e4bi \u00a0raua k\u00fclmatesti kuni -25 kraadini.<\/p><\/p>\n","protected":false},"featured_media":133717,"template":"","meta":{"_acf_changed":false},"product_brand":[],"product_cat":[15],"product_tag":[],"class_list":{"0":"post-133716","1":"product","2":"type-product","3":"status-publish","4":"has-post-thumbnail","6":"product_cat-maaramata","8":"first","9":"instock","10":"taxable","11":"shipping-taxable","12":"purchasable","13":"product-type-simple"},"acf":[],"_links":{"self":[{"href":"https:\/\/laskur.ee\/en\/wp-json\/wp\/v2\/product\/133716","targetHints":{"allow":["GET"]}}],"collection":[{"href":"https:\/\/laskur.ee\/en\/wp-json\/wp\/v2\/product"}],"about":[{"href":"https:\/\/laskur.ee\/en\/wp-json\/wp\/v2\/types\/product"}],"wp:featuredmedia":[{"embeddable":true,"href":"https:\/\/laskur.ee\/en\/wp-json\/wp\/v2\/media\/133717"}],"wp:attachment":[{"href":"https:\/\/laskur.ee\/en\/wp-json\/wp\/v2\/media?parent=133716"}],"wp:term":[{"taxonomy":"product_brand","embeddable":true,"href":"https:\/\/laskur.ee\/en\/wp-json\/wp\/v2\/product_brand?post=133716"},{"taxonomy":"product_cat","embeddable":true,"href":"https:\/\/laskur.ee\/en\/wp-json\/wp\/v2\/product_cat?post=133716"},{"taxonomy":"product_tag","embeddable":true,"href":"https:\/\/laskur.ee\/en\/wp-json\/wp\/v2\/product_tag?post=133716"}],"curies":[{"name":"wp","href":"https:\/\/api.w.org\/{rel}","templated":true}]}}