{"id":133722,"date":"2016-04-29T16:07:00","date_gmt":"2016-04-29T16:07:00","guid":{"rendered":"https:\/\/laskur.ee\/?post_type=product&#038;p=133722"},"modified":"2020-11-09T10:43:08","modified_gmt":"2020-11-09T10:43:08","slug":"anschutz-match-54-30-2","status":"publish","type":"product","link":"https:\/\/laskur.ee\/en\/toode\/anschutz-match-54-30-2\/","title":{"rendered":"Ansch\u00fctz Match 54.30"},"content":{"rendered":"<p><a href=\"http:\/\/jga.anschuetz-sport.com\/index.php5?produktID=1093&#038;menu=105&#038;sprache=1&#038;produktShow=detail\">http:\/\/jga.anschuetz-sport.com\/index.php5?produktID=1093&#038;menu=105&#038;sprache=1&#038;produktShow=detail<\/a><\/p>\n<\/p>\n<p>Pikkus: 104-109cm<\/p>\n<p>Kaal: 5,7kg<\/p>\n<p>Minimaalne p\u00e4\u00e4stiku kaal: 60g<\/p>\n<p>Max p\u00e4\u00e4stiku kaal: 490g<\/p>\n<p>Kaliiber: .22 l.r<\/p>\n<p>Raua pikkus: 66cm<\/p>\n<p>K\u00e4epide: M<\/p>\n<p>Materjal: Alumiinium<\/p>\n<p>V\u00e4rv: Must<\/p>\n<\/p>\n<p><strong>Piiratud tsiviilk\u00e4ibega relvi v\u00f5ib meie e-poest osta peale digitaalset isikutuvastamist ja antud liiki relva soetamisloa v\u00f5i relvaloa esitamist, vastavalt relvaseaduses s\u00e4testatud korrale.<\/strong><\/p>\n<\/p>\n<\/p><\/p>\n","protected":false},"excerpt":{"rendered":"<p>Reguleeritav k\u00e4epide, alumiiniumist kaba, multifunktsionaalne t\u00e4ielikult reguleeritav p\u00f5setugi, p\u00fcssi raud on freesitud \u00e4\u00e4rmiselt k\u00f5rge kvaliteediga alumiiniumist, k\u00e4e tugi on laia raadiusega, mist\u00f5ttu sobib igale k\u00e4e suurusele.\u00a0<\/p>\n","protected":false},"featured_media":133723,"template":"","meta":{"_acf_changed":false},"product_brand":[],"product_cat":[235,273,275],"product_tag":[],"class_list":{"0":"post-133722","1":"product","2":"type-product","3":"status-publish","4":"has-post-thumbnail","6":"product_cat-sport-weapons","7":"product_cat-22-l-r-2","8":"product_cat-anschutz-7","10":"first","11":"instock","12":"taxable","13":"shipping-taxable","14":"purchasable","15":"product-type-simple"},"acf":[],"_links":{"self":[{"href":"https:\/\/laskur.ee\/en\/wp-json\/wp\/v2\/product\/133722","targetHints":{"allow":["GET"]}}],"collection":[{"href":"https:\/\/laskur.ee\/en\/wp-json\/wp\/v2\/product"}],"about":[{"href":"https:\/\/laskur.ee\/en\/wp-json\/wp\/v2\/types\/product"}],"wp:featuredmedia":[{"embeddable":true,"href":"https:\/\/laskur.ee\/en\/wp-json\/wp\/v2\/media\/133723"}],"wp:attachment":[{"href":"https:\/\/laskur.ee\/en\/wp-json\/wp\/v2\/media?parent=133722"}],"wp:term":[{"taxonomy":"product_brand","embeddable":true,"href":"https:\/\/laskur.ee\/en\/wp-json\/wp\/v2\/product_brand?post=133722"},{"taxonomy":"product_cat","embeddable":true,"href":"https:\/\/laskur.ee\/en\/wp-json\/wp\/v2\/product_cat?post=133722"},{"taxonomy":"product_tag","embeddable":true,"href":"https:\/\/laskur.ee\/en\/wp-json\/wp\/v2\/product_tag?post=133722"}],"curies":[{"name":"wp","href":"https:\/\/api.w.org\/{rel}","templated":true}]}}