{"id":133726,"date":"2016-05-06T23:36:07","date_gmt":"2016-05-06T23:36:07","guid":{"rendered":"https:\/\/laskur.ee\/?post_type=product&#038;p=133726"},"modified":"2020-11-09T10:43:08","modified_gmt":"2020-11-09T10:43:08","slug":"anschutz-match-54-30-4","status":"publish","type":"product","link":"https:\/\/laskur.ee\/en\/toode\/anschutz-match-54-30-4\/","title":{"rendered":"Ansch\u00fctz Match 54.30"},"content":{"rendered":"<p>Kaba: p\u00e4hklipuu<\/p>\n<p>Kood: 014138<\/p>\n<p>Pikkus: 106-111cm<\/p>\n<p>Kaal: 4,8kg<\/p>\n<p>Raud: Ansch\u00fctz Precision .22 l.r<\/p>\n<p>Raua pikkus: 66cm<\/p>\n<p>Kabaraud: alumiinium 2213-8700<\/p>\n<p><strong>Piiratud tsiviilk\u00e4ibega relvi v\u00f5ib meie e-poest osta peale digitaalset isikutuvastamist ja antud liiki relva soetamisloa v\u00f5i relvaloa esitamist, vastavalt relvaseaduses s\u00e4testatud korrale.<\/strong><\/p>\n","protected":false},"excerpt":{"rendered":"<p>Uus Ansch\u00fctz 54.30 on inspireeritud legendaarsest Ansch\u00fctzi 54 mudelist, kuid p\u00f5hineb kaasaegsel tipptehnikal, mida on katsetatud aastak\u00fcmneid, et arendada v\u00e4lja laskespordi kaasaegsetele n\u00f5uetele vastav tipptaseme p\u00fcss.\u00a0<\/p>\n","protected":false},"featured_media":133727,"template":"","meta":{"_acf_changed":false},"product_brand":[],"product_cat":[275,235,273],"product_tag":[],"class_list":{"0":"post-133726","1":"product","2":"type-product","3":"status-publish","4":"has-post-thumbnail","6":"product_cat-anschutz-7","7":"product_cat-sport-weapons","8":"product_cat-22-l-r-2","10":"first","11":"instock","12":"taxable","13":"shipping-taxable","14":"purchasable","15":"product-type-simple"},"acf":[],"_links":{"self":[{"href":"https:\/\/laskur.ee\/en\/wp-json\/wp\/v2\/product\/133726","targetHints":{"allow":["GET"]}}],"collection":[{"href":"https:\/\/laskur.ee\/en\/wp-json\/wp\/v2\/product"}],"about":[{"href":"https:\/\/laskur.ee\/en\/wp-json\/wp\/v2\/types\/product"}],"wp:featuredmedia":[{"embeddable":true,"href":"https:\/\/laskur.ee\/en\/wp-json\/wp\/v2\/media\/133727"}],"wp:attachment":[{"href":"https:\/\/laskur.ee\/en\/wp-json\/wp\/v2\/media?parent=133726"}],"wp:term":[{"taxonomy":"product_brand","embeddable":true,"href":"https:\/\/laskur.ee\/en\/wp-json\/wp\/v2\/product_brand?post=133726"},{"taxonomy":"product_cat","embeddable":true,"href":"https:\/\/laskur.ee\/en\/wp-json\/wp\/v2\/product_cat?post=133726"},{"taxonomy":"product_tag","embeddable":true,"href":"https:\/\/laskur.ee\/en\/wp-json\/wp\/v2\/product_tag?post=133726"}],"curies":[{"name":"wp","href":"https:\/\/api.w.org\/{rel}","templated":true}]}}