{"id":133733,"date":"2016-05-07T00:25:41","date_gmt":"2016-05-07T00:25:41","guid":{"rendered":"https:\/\/laskur.ee\/?post_type=product&#038;p=133733"},"modified":"2020-11-09T10:43:08","modified_gmt":"2020-11-09T10:43:08","slug":"field-target-shooting-jacket","status":"publish","type":"product","link":"https:\/\/laskur.ee\/en\/toode\/field-target-shooting-jacket\/","title":{"rendered":"Field Target shooting jacket"},"content":{"rendered":"<p>Appropriate for all NRA or Field Target Shooting Competitions \u2022 Water-resistant extra strong nylon exterior \u2022 Canvas interior lining and detachable hood \u2022 Top Grip Pats on shoulder, elbows, and side \u2022 Five adjustable nylon straps with quick disconnect closures \u2022 Adjustable shoulder sling holder \u2022 Adjustable zipper on left sleeve and 3 straps at the end for better fit \u2022 Adjustable tension strap on shoulder pad \u2022 Large front pocket for ammo holder \u2022 Rear backside pockets for extra storage, with holes \u2022 Stretch material under armpits and at elbow flex<\/p>\n","protected":false},"excerpt":{"rendered":"<p>Kvaliteetne jakk field target laskuritele. Jakk on valmistatud vettpidavast nailonist v\u00e4ljapoolt, sees on puuvillane kanvas. Top Grip libisemiskindlad padjad on \u00f5lgadel, k\u00fc\u00fcnarnukkidel ja k\u00fcljel. Viis reguleeritavat kl\u00f5pskinnitust. K\u00fcljel mahukas tasku diabolide hoidmiseks.<\/p>\n<p><a href=\"http:\/\/ahg.anschuetz-sport.com\/index.php5?menu=34&#038;sprache=1&#038;seite=83&#038;produktID=1060\">http:\/\/ahg.anschuetz-sport.com\/index.php5?menu=34&#038;sprache=1&#038;seite=83&#038;produktID=1060<\/a><\/p>\n","protected":false},"featured_media":133734,"template":"","meta":{"_acf_changed":false},"product_brand":[],"product_cat":[243,305,307],"product_tag":[],"class_list":{"0":"post-133733","1":"product","2":"type-product","3":"status-publish","4":"has-post-thumbnail","6":"product_cat-clothing","7":"product_cat-jackets","8":"product_cat-ahg-anschutz-4","10":"first","11":"instock","12":"taxable","13":"shipping-taxable","14":"purchasable","15":"product-type-simple"},"acf":[],"_links":{"self":[{"href":"https:\/\/laskur.ee\/en\/wp-json\/wp\/v2\/product\/133733","targetHints":{"allow":["GET"]}}],"collection":[{"href":"https:\/\/laskur.ee\/en\/wp-json\/wp\/v2\/product"}],"about":[{"href":"https:\/\/laskur.ee\/en\/wp-json\/wp\/v2\/types\/product"}],"wp:featuredmedia":[{"embeddable":true,"href":"https:\/\/laskur.ee\/en\/wp-json\/wp\/v2\/media\/133734"}],"wp:attachment":[{"href":"https:\/\/laskur.ee\/en\/wp-json\/wp\/v2\/media?parent=133733"}],"wp:term":[{"taxonomy":"product_brand","embeddable":true,"href":"https:\/\/laskur.ee\/en\/wp-json\/wp\/v2\/product_brand?post=133733"},{"taxonomy":"product_cat","embeddable":true,"href":"https:\/\/laskur.ee\/en\/wp-json\/wp\/v2\/product_cat?post=133733"},{"taxonomy":"product_tag","embeddable":true,"href":"https:\/\/laskur.ee\/en\/wp-json\/wp\/v2\/product_tag?post=133733"}],"curies":[{"name":"wp","href":"https:\/\/api.w.org\/{rel}","templated":true}]}}