{"id":133771,"date":"2016-07-07T13:49:10","date_gmt":"2016-07-07T13:49:10","guid":{"rendered":"https:\/\/laskur.ee\/?post_type=product&#038;p=133771"},"modified":"2021-01-14T15:18:17","modified_gmt":"2021-01-14T15:18:17","slug":"pardini-2in1-sportpustol-2","status":"publish","type":"product","link":"https:\/\/laskur.ee\/en\/toode\/pardini-2in1-sportpustol-2\/","title":{"rendered":"Pardini 2in1 Sportp\u00fcstol"},"content":{"rendered":"<p><strong>Piiratud tsiviilk\u00e4ibega relvi v\u00f5ib meie e-poest osta peale digitaalset isikutuvastamist ja antud liiki relva soetamisloa v\u00f5i relvaloa esitamist, vastavalt relvaseaduses s\u00e4testatud korrale.<\/strong><\/p>\n","protected":false},"excerpt":{"rendered":"<p>Pardini kaks \u00fches sportp\u00fcstol, kaliiber .22 lr Rapid Fire funktsiooniga ja lisaraud kaliiber .32.<\/p>\n<p>Otselink tootja lehele:<a href=\"http:\/\/www.pardini.it\/weapon\/target_pistols_ALL_IN_ONE.php\">http:\/\/www.pardini.it\/weapon\/target_pistols_ALL_IN_ONE.php<\/a><\/p>\n<\/p>\n<p>P\u00fcstoli tarneaeg on kuni 2 kuud.<\/p>\n","protected":false},"featured_media":133773,"template":"","meta":{"_acf_changed":false},"product_brand":[],"product_cat":[235,273,351],"product_tag":[],"class_list":{"0":"post-133771","1":"product","2":"type-product","3":"status-publish","4":"has-post-thumbnail","6":"product_cat-sport-weapons","7":"product_cat-22-l-r-2","8":"product_cat-pardini-2","10":"first","11":"instock","12":"taxable","13":"shipping-taxable","14":"purchasable","15":"product-type-simple"},"acf":[],"_links":{"self":[{"href":"https:\/\/laskur.ee\/en\/wp-json\/wp\/v2\/product\/133771","targetHints":{"allow":["GET"]}}],"collection":[{"href":"https:\/\/laskur.ee\/en\/wp-json\/wp\/v2\/product"}],"about":[{"href":"https:\/\/laskur.ee\/en\/wp-json\/wp\/v2\/types\/product"}],"wp:featuredmedia":[{"embeddable":true,"href":"https:\/\/laskur.ee\/en\/wp-json\/wp\/v2\/media\/133773"}],"wp:attachment":[{"href":"https:\/\/laskur.ee\/en\/wp-json\/wp\/v2\/media?parent=133771"}],"wp:term":[{"taxonomy":"product_brand","embeddable":true,"href":"https:\/\/laskur.ee\/en\/wp-json\/wp\/v2\/product_brand?post=133771"},{"taxonomy":"product_cat","embeddable":true,"href":"https:\/\/laskur.ee\/en\/wp-json\/wp\/v2\/product_cat?post=133771"},{"taxonomy":"product_tag","embeddable":true,"href":"https:\/\/laskur.ee\/en\/wp-json\/wp\/v2\/product_tag?post=133771"}],"curies":[{"name":"wp","href":"https:\/\/api.w.org\/{rel}","templated":true}]}}