{"id":133794,"date":"2016-09-06T14:31:48","date_gmt":"2016-09-06T14:31:48","guid":{"rendered":"https:\/\/laskur.ee\/?post_type=product&#038;p=133794"},"modified":"2021-09-07T12:48:58","modified_gmt":"2021-09-07T12:48:58","slug":"morini-cm-22m-rf-2","status":"publish","type":"product","link":"https:\/\/laskur.ee\/en\/toode\/morini-cm-22m-rf-2\/","title":{"rendered":"Morini CM 22M RF"},"content":{"rendered":"<p><a href=\"http:\/\/www.morini.ch\/product_det.php?id=6\">http:\/\/www.morini.ch\/product_det.php?id=6<\/a><\/p>\n","protected":false},"excerpt":{"rendered":"<p>Tippkvaliteetne Morini .22 l.r sportp\u00fcstol Rapid Fire funktsiooniga. Mehaaniline p\u00e4\u00e4stik, kogukaal 900g. Puidust k\u00e4epide, v\u00f5imalik valida XXS-XXL suuruses k\u00e4ele. Kuivtrenni v\u00f5imalus.<\/p>\n","protected":false},"featured_media":133809,"template":"","meta":{"_acf_changed":false},"product_brand":[],"product_cat":[235,273,347,349],"product_tag":[],"class_list":{"0":"post-133794","1":"product","2":"type-product","3":"status-publish","4":"has-post-thumbnail","6":"product_cat-sport-weapons","7":"product_cat-22-l-r-2","8":"product_cat-small-bore-pistols","9":"product_cat-morini-4","10":"pa_kaepide-left-handed-2","11":"pa_kaepide-right-handed-2","12":"pa_suurus-l-en","13":"pa_suurus-m-en","14":"pa_suurus-s-en","15":"pa_suurus-xl-en","16":"pa_suurus-xs-en","17":"pa_suurus-xxl-en","18":"pa_suurus-xxs-en","20":"first","21":"outofstock","22":"taxable","23":"shipping-taxable","24":"purchasable","25":"product-type-variable"},"acf":[],"_links":{"self":[{"href":"https:\/\/laskur.ee\/en\/wp-json\/wp\/v2\/product\/133794","targetHints":{"allow":["GET"]}}],"collection":[{"href":"https:\/\/laskur.ee\/en\/wp-json\/wp\/v2\/product"}],"about":[{"href":"https:\/\/laskur.ee\/en\/wp-json\/wp\/v2\/types\/product"}],"wp:featuredmedia":[{"embeddable":true,"href":"https:\/\/laskur.ee\/en\/wp-json\/wp\/v2\/media\/133809"}],"wp:attachment":[{"href":"https:\/\/laskur.ee\/en\/wp-json\/wp\/v2\/media?parent=133794"}],"wp:term":[{"taxonomy":"product_brand","embeddable":true,"href":"https:\/\/laskur.ee\/en\/wp-json\/wp\/v2\/product_brand?post=133794"},{"taxonomy":"product_cat","embeddable":true,"href":"https:\/\/laskur.ee\/en\/wp-json\/wp\/v2\/product_cat?post=133794"},{"taxonomy":"product_tag","embeddable":true,"href":"https:\/\/laskur.ee\/en\/wp-json\/wp\/v2\/product_tag?post=133794"}],"curies":[{"name":"wp","href":"https:\/\/api.w.org\/{rel}","templated":true}]}}