{"id":133835,"date":"2016-09-14T15:24:08","date_gmt":"2016-09-14T15:24:08","guid":{"rendered":"https:\/\/laskur.ee\/?post_type=product&#038;p=133835"},"modified":"2020-11-09T10:43:08","modified_gmt":"2020-11-09T10:43:08","slug":"field-target-laskmisjakk-2","status":"publish","type":"product","link":"https:\/\/laskur.ee\/en\/toode\/field-target-laskmisjakk-2\/","title":{"rendered":"Field Target laskmisjakk"},"content":{"rendered":"<p>Jaki materjal v\u00e4ljast: 100% nailon.<\/p>\n<p>Seest: 100% puuvill.<\/p>\n","protected":false},"excerpt":{"rendered":"<p>Field Target laskmisjope on valmistatud ekstra tugevast vetth\u00fclgavast nailonist ja kanvase materjalist. Top Grip libisemiskindlad padjad on k\u00fc\u00fcnarnukkidel, \u00f5lgadel ja k\u00fcljel. Jaki on reguleeritav viie kl\u00f5pskinnitusega, mida on kerge lahti v\u00f5tta ja kinni panna. Liikumismugavuse tagamiseks on kasutatud k\u00fc\u00fcnarvarre sisek\u00fcljel stret\u0161materjali.\u00a0<\/p>\n","protected":false},"featured_media":133842,"template":"","meta":{"_acf_changed":false},"product_brand":[],"product_cat":[243,305,307],"product_tag":[],"class_list":{"0":"post-133835","1":"product","2":"type-product","3":"status-publish","4":"has-post-thumbnail","6":"product_cat-clothing","7":"product_cat-jackets","8":"product_cat-ahg-anschutz-4","9":"pa_suurus-48-3","10":"pa_suurus-50-en","11":"pa_suurus-52-en","12":"pa_suurus-54-en","13":"pa_suurus-56-en","14":"pa_suurus-58-en","16":"first","17":"instock","18":"taxable","19":"shipping-taxable","20":"purchasable","21":"product-type-simple"},"acf":[],"_links":{"self":[{"href":"https:\/\/laskur.ee\/en\/wp-json\/wp\/v2\/product\/133835","targetHints":{"allow":["GET"]}}],"collection":[{"href":"https:\/\/laskur.ee\/en\/wp-json\/wp\/v2\/product"}],"about":[{"href":"https:\/\/laskur.ee\/en\/wp-json\/wp\/v2\/types\/product"}],"wp:featuredmedia":[{"embeddable":true,"href":"https:\/\/laskur.ee\/en\/wp-json\/wp\/v2\/media\/133842"}],"wp:attachment":[{"href":"https:\/\/laskur.ee\/en\/wp-json\/wp\/v2\/media?parent=133835"}],"wp:term":[{"taxonomy":"product_brand","embeddable":true,"href":"https:\/\/laskur.ee\/en\/wp-json\/wp\/v2\/product_brand?post=133835"},{"taxonomy":"product_cat","embeddable":true,"href":"https:\/\/laskur.ee\/en\/wp-json\/wp\/v2\/product_cat?post=133835"},{"taxonomy":"product_tag","embeddable":true,"href":"https:\/\/laskur.ee\/en\/wp-json\/wp\/v2\/product_tag?post=133835"}],"curies":[{"name":"wp","href":"https:\/\/api.w.org\/{rel}","templated":true}]}}