{"id":133856,"date":"2016-10-11T13:04:24","date_gmt":"2016-10-11T13:04:24","guid":{"rendered":"https:\/\/laskur.ee\/?post_type=product&#038;p=133856"},"modified":"2024-08-25T11:54:16","modified_gmt":"2024-08-25T11:54:16","slug":"lapua-polar-biathlon-4","status":"publish","type":"product","link":"https:\/\/laskur.ee\/en\/toode\/lapua-polar-biathlon-4\/","title":{"rendered":"Lapua Polar Biathlon"},"content":{"rendered":"<p><strong>Piiratud tsiviilk\u00e4ibega laskemoona v\u00f5ib meie e-poest osta antud liiki relva soetamisloa v\u00f5i relvaloa alusel, vastavalt relvaseaduses s\u00e4testatud korrale.<\/strong><\/p>\n","protected":false},"excerpt":{"rendered":"<p>.22 lr Polar Biathlon padrunid.<\/p>\n<p>Algkiirus 337m\/s<\/p>\n","protected":false},"featured_media":133857,"template":"","meta":{"_acf_changed":false},"product_brand":[],"product_cat":[237,281,287,289],"product_tag":[],"class_list":{"0":"post-133856","1":"product","2":"type-product","3":"status-publish","4":"has-post-thumbnail","6":"product_cat-ammunition","7":"product_cat-biathlon-2","8":"product_cat-22-lr","9":"product_cat-22lr-2","11":"first","12":"outofstock","13":"taxable","14":"shipping-taxable","15":"product-type-simple"},"acf":[],"_links":{"self":[{"href":"https:\/\/laskur.ee\/en\/wp-json\/wp\/v2\/product\/133856","targetHints":{"allow":["GET"]}}],"collection":[{"href":"https:\/\/laskur.ee\/en\/wp-json\/wp\/v2\/product"}],"about":[{"href":"https:\/\/laskur.ee\/en\/wp-json\/wp\/v2\/types\/product"}],"wp:featuredmedia":[{"embeddable":true,"href":"https:\/\/laskur.ee\/en\/wp-json\/wp\/v2\/media\/133857"}],"wp:attachment":[{"href":"https:\/\/laskur.ee\/en\/wp-json\/wp\/v2\/media?parent=133856"}],"wp:term":[{"taxonomy":"product_brand","embeddable":true,"href":"https:\/\/laskur.ee\/en\/wp-json\/wp\/v2\/product_brand?post=133856"},{"taxonomy":"product_cat","embeddable":true,"href":"https:\/\/laskur.ee\/en\/wp-json\/wp\/v2\/product_cat?post=133856"},{"taxonomy":"product_tag","embeddable":true,"href":"https:\/\/laskur.ee\/en\/wp-json\/wp\/v2\/product_tag?post=133856"}],"curies":[{"name":"wp","href":"https:\/\/api.w.org\/{rel}","templated":true}]}}