{"id":133887,"date":"2016-11-14T14:07:55","date_gmt":"2016-11-14T14:07:55","guid":{"rendered":"https:\/\/laskur.ee\/?post_type=product&#038;p=133887"},"modified":"2020-11-09T10:43:08","modified_gmt":"2020-11-09T10:43:08","slug":"anschutz-suru-husilinder-3","status":"publish","type":"product","link":"https:\/\/laskur.ee\/en\/toode\/anschutz-suru-husilinder-3\/","title":{"rendered":"Ansch\u00fctz suru\u00f5husilinder"},"content":{"rendered":"","protected":false},"excerpt":{"rendered":"<p>Alumiiniumist h\u00f5bedane suru\u00f5husilinder, pikkus 430mm, kaal 410g.<\/p>\n","protected":false},"featured_media":133888,"template":"","meta":{"_acf_changed":false},"product_brand":[],"product_cat":[239,247,249],"product_tag":[],"class_list":{"0":"post-133887","1":"product","2":"type-product","3":"status-publish","4":"has-post-thumbnail","6":"product_cat-accessories","7":"product_cat-air-guns","8":"product_cat-air-rifles","10":"first","11":"instock","12":"taxable","13":"shipping-taxable","14":"purchasable","15":"product-type-simple"},"acf":[],"_links":{"self":[{"href":"https:\/\/laskur.ee\/en\/wp-json\/wp\/v2\/product\/133887","targetHints":{"allow":["GET"]}}],"collection":[{"href":"https:\/\/laskur.ee\/en\/wp-json\/wp\/v2\/product"}],"about":[{"href":"https:\/\/laskur.ee\/en\/wp-json\/wp\/v2\/types\/product"}],"wp:featuredmedia":[{"embeddable":true,"href":"https:\/\/laskur.ee\/en\/wp-json\/wp\/v2\/media\/133888"}],"wp:attachment":[{"href":"https:\/\/laskur.ee\/en\/wp-json\/wp\/v2\/media?parent=133887"}],"wp:term":[{"taxonomy":"product_brand","embeddable":true,"href":"https:\/\/laskur.ee\/en\/wp-json\/wp\/v2\/product_brand?post=133887"},{"taxonomy":"product_cat","embeddable":true,"href":"https:\/\/laskur.ee\/en\/wp-json\/wp\/v2\/product_cat?post=133887"},{"taxonomy":"product_tag","embeddable":true,"href":"https:\/\/laskur.ee\/en\/wp-json\/wp\/v2\/product_tag?post=133887"}],"curies":[{"name":"wp","href":"https:\/\/api.w.org\/{rel}","templated":true}]}}