{"id":133923,"date":"2017-02-07T06:39:18","date_gmt":"2017-02-07T06:39:18","guid":{"rendered":"https:\/\/laskur.ee\/?post_type=product&#038;p=133923"},"modified":"2021-12-21T13:25:44","modified_gmt":"2021-12-21T13:25:44","slug":"jsb-4-49","status":"publish","type":"product","link":"https:\/\/laskur.ee\/en\/toode\/jsb-4-49\/","title":{"rendered":"JSB 4,49"},"content":{"rendered":"","protected":false},"excerpt":{"rendered":"<p>JSB diaboolide tootmisele pani alguse endine tipplaskur ja treener Josef Schulz. Peale laskurikarj\u00e4\u00e4ri l\u00f5ppu hakkas ta tootma kuule \u00f5hkrelvadele. JSB kuulidele on omane \u00fclim t\u00e4psus, k\u00f5ik kuulid l\u00e4bivad range l\u00f5ppkontrolli, mis viib kuuli vea protsendi miinimumini. JSB on \u00fcks v\u00e4heseid \u00f5hkrelvakuuli tootjaid, kes pakub diaboole erinevates subkaliibrites 4,48 &#8211; 5,52.<\/p>\n","protected":false},"featured_media":133925,"template":"","meta":{"_acf_changed":false},"product_brand":[],"product_cat":[237,285],"product_tag":[],"class_list":{"0":"post-133923","1":"product","2":"type-product","3":"status-publish","4":"has-post-thumbnail","6":"product_cat-ammunition","7":"product_cat-diabolos","8":"pa_kinnita-et-oled-vahemalt-18-confirm","10":"first","11":"instock","12":"taxable","13":"shipping-taxable","14":"purchasable","15":"product-type-simple"},"acf":[],"_links":{"self":[{"href":"https:\/\/laskur.ee\/en\/wp-json\/wp\/v2\/product\/133923","targetHints":{"allow":["GET"]}}],"collection":[{"href":"https:\/\/laskur.ee\/en\/wp-json\/wp\/v2\/product"}],"about":[{"href":"https:\/\/laskur.ee\/en\/wp-json\/wp\/v2\/types\/product"}],"wp:featuredmedia":[{"embeddable":true,"href":"https:\/\/laskur.ee\/en\/wp-json\/wp\/v2\/media\/133925"}],"wp:attachment":[{"href":"https:\/\/laskur.ee\/en\/wp-json\/wp\/v2\/media?parent=133923"}],"wp:term":[{"taxonomy":"product_brand","embeddable":true,"href":"https:\/\/laskur.ee\/en\/wp-json\/wp\/v2\/product_brand?post=133923"},{"taxonomy":"product_cat","embeddable":true,"href":"https:\/\/laskur.ee\/en\/wp-json\/wp\/v2\/product_cat?post=133923"},{"taxonomy":"product_tag","embeddable":true,"href":"https:\/\/laskur.ee\/en\/wp-json\/wp\/v2\/product_tag?post=133923"}],"curies":[{"name":"wp","href":"https:\/\/api.w.org\/{rel}","templated":true}]}}