{"id":134034,"date":"2018-03-06T12:06:23","date_gmt":"2018-03-06T12:06:23","guid":{"rendered":"https:\/\/laskur.ee\/?post_type=product&#038;p=134034"},"modified":"2020-11-09T10:43:08","modified_gmt":"2020-11-09T10:43:08","slug":"pistol-25-50m","status":"publish","type":"product","link":"https:\/\/laskur.ee\/en\/toode\/pistol-25-50m\/","title":{"rendered":"Pistol 25\/50m"},"content":{"rendered":"","protected":false},"excerpt":{"rendered":"<p>Kvaliteetsed Kr\u00fcgeri p\u00fcstoli m\u00e4rklehed 25\/50m. M\u00f5\u00f5dud 55&#215;53 cm. Pakis 250tk<\/p>\n","protected":false},"featured_media":134035,"template":"","meta":{"_acf_changed":false},"product_brand":[],"product_cat":[239,291],"product_tag":[],"class_list":{"0":"post-134034","1":"product","2":"type-product","3":"status-publish","4":"has-post-thumbnail","6":"product_cat-accessories","7":"product_cat-target","9":"first","10":"instock","11":"taxable","12":"shipping-taxable","13":"purchasable","14":"product-type-simple"},"acf":[],"_links":{"self":[{"href":"https:\/\/laskur.ee\/en\/wp-json\/wp\/v2\/product\/134034","targetHints":{"allow":["GET"]}}],"collection":[{"href":"https:\/\/laskur.ee\/en\/wp-json\/wp\/v2\/product"}],"about":[{"href":"https:\/\/laskur.ee\/en\/wp-json\/wp\/v2\/types\/product"}],"wp:featuredmedia":[{"embeddable":true,"href":"https:\/\/laskur.ee\/en\/wp-json\/wp\/v2\/media\/134035"}],"wp:attachment":[{"href":"https:\/\/laskur.ee\/en\/wp-json\/wp\/v2\/media?parent=134034"}],"wp:term":[{"taxonomy":"product_brand","embeddable":true,"href":"https:\/\/laskur.ee\/en\/wp-json\/wp\/v2\/product_brand?post=134034"},{"taxonomy":"product_cat","embeddable":true,"href":"https:\/\/laskur.ee\/en\/wp-json\/wp\/v2\/product_cat?post=134034"},{"taxonomy":"product_tag","embeddable":true,"href":"https:\/\/laskur.ee\/en\/wp-json\/wp\/v2\/product_tag?post=134034"}],"curies":[{"name":"wp","href":"https:\/\/api.w.org\/{rel}","templated":true}]}}