{"id":134051,"date":"2018-03-07T12:20:34","date_gmt":"2018-03-07T12:20:34","guid":{"rendered":"https:\/\/laskur.ee\/?post_type=product&#038;p=134051"},"modified":"2021-01-14T15:18:17","modified_gmt":"2021-01-14T15:18:17","slug":"pardini-22lr-rapid-fire-2","status":"publish","type":"product","link":"https:\/\/laskur.ee\/en\/toode\/pardini-22lr-rapid-fire-2\/","title":{"rendered":"Pardini .22LR Rapid Fire"},"content":{"rendered":"<p>P\u00fcstoli tarneaeg on kuni 2 kuud.<\/p>\n<\/p>\n<p><strong>Piiratud tsiviilk\u00e4ibega relvi v\u00f5ib meie e-poest osta peale digitaalset isikutuvastamist ja antud liiki relva soetamisloa v\u00f5i relvaloa esitamist, vastavalt relvaseaduses s\u00e4testatud korrale.<\/strong><\/p>\n","protected":false},"excerpt":{"rendered":"<p>SP Rapid Fire Mechanical Trigger! Caliber: 22 LR. Height: 140 mm. Width: 49 mm. Overal length: 295 mm. Total weight: SP RF 1200 g. Action: Semiauto Barrel. length: 120 mm. Barrel rifling: 6D x 450 mm. Sight radius: 220 mm. Adjustment click: 5 mm<\/p>\n","protected":false},"featured_media":134052,"template":"","meta":{"_acf_changed":false},"product_brand":[],"product_cat":[235,273,351],"product_tag":[],"class_list":{"0":"post-134051","1":"product","2":"type-product","3":"status-publish","4":"has-post-thumbnail","6":"product_cat-sport-weapons","7":"product_cat-22-l-r-2","8":"product_cat-pardini-2","10":"first","11":"instock","12":"taxable","13":"shipping-taxable","14":"purchasable","15":"product-type-simple"},"acf":[],"_links":{"self":[{"href":"https:\/\/laskur.ee\/en\/wp-json\/wp\/v2\/product\/134051","targetHints":{"allow":["GET"]}}],"collection":[{"href":"https:\/\/laskur.ee\/en\/wp-json\/wp\/v2\/product"}],"about":[{"href":"https:\/\/laskur.ee\/en\/wp-json\/wp\/v2\/types\/product"}],"wp:featuredmedia":[{"embeddable":true,"href":"https:\/\/laskur.ee\/en\/wp-json\/wp\/v2\/media\/134052"}],"wp:attachment":[{"href":"https:\/\/laskur.ee\/en\/wp-json\/wp\/v2\/media?parent=134051"}],"wp:term":[{"taxonomy":"product_brand","embeddable":true,"href":"https:\/\/laskur.ee\/en\/wp-json\/wp\/v2\/product_brand?post=134051"},{"taxonomy":"product_cat","embeddable":true,"href":"https:\/\/laskur.ee\/en\/wp-json\/wp\/v2\/product_cat?post=134051"},{"taxonomy":"product_tag","embeddable":true,"href":"https:\/\/laskur.ee\/en\/wp-json\/wp\/v2\/product_tag?post=134051"}],"curies":[{"name":"wp","href":"https:\/\/api.w.org\/{rel}","templated":true}]}}