{"id":134068,"date":"2018-05-22T08:43:41","date_gmt":"2018-05-22T08:43:41","guid":{"rendered":"https:\/\/laskur.ee\/?post_type=product&#038;p=134068"},"modified":"2020-11-09T10:43:08","modified_gmt":"2020-11-09T10:43:08","slug":"gehmann-kuulikarp-2","status":"publish","type":"product","link":"https:\/\/laskur.ee\/en\/toode\/gehmann-kuulikarp-2\/","title":{"rendered":"Gehmann kuulikarp"},"content":{"rendered":"","protected":false},"excerpt":{"rendered":"<p>Mugav diabooli\u00a0karp v\u00f5imaldab sorteerida kuni 100 \u00f5hup\u00fcssikuuli.<\/p>\n","protected":false},"featured_media":134069,"template":"","meta":{"_acf_changed":false},"product_brand":[],"product_cat":[239,285],"product_tag":[],"class_list":{"0":"post-134068","1":"product","2":"type-product","3":"status-publish","4":"has-post-thumbnail","6":"product_cat-accessories","7":"product_cat-diabolos","9":"first","10":"instock","11":"taxable","12":"shipping-taxable","13":"purchasable","14":"product-type-simple"},"acf":[],"_links":{"self":[{"href":"https:\/\/laskur.ee\/en\/wp-json\/wp\/v2\/product\/134068","targetHints":{"allow":["GET"]}}],"collection":[{"href":"https:\/\/laskur.ee\/en\/wp-json\/wp\/v2\/product"}],"about":[{"href":"https:\/\/laskur.ee\/en\/wp-json\/wp\/v2\/types\/product"}],"wp:featuredmedia":[{"embeddable":true,"href":"https:\/\/laskur.ee\/en\/wp-json\/wp\/v2\/media\/134069"}],"wp:attachment":[{"href":"https:\/\/laskur.ee\/en\/wp-json\/wp\/v2\/media?parent=134068"}],"wp:term":[{"taxonomy":"product_brand","embeddable":true,"href":"https:\/\/laskur.ee\/en\/wp-json\/wp\/v2\/product_brand?post=134068"},{"taxonomy":"product_cat","embeddable":true,"href":"https:\/\/laskur.ee\/en\/wp-json\/wp\/v2\/product_cat?post=134068"},{"taxonomy":"product_tag","embeddable":true,"href":"https:\/\/laskur.ee\/en\/wp-json\/wp\/v2\/product_tag?post=134068"}],"curies":[{"name":"wp","href":"https:\/\/api.w.org\/{rel}","templated":true}]}}