{"id":134123,"date":"2019-04-15T15:18:38","date_gmt":"2019-04-15T15:18:38","guid":{"rendered":"https:\/\/laskur.ee\/?post_type=product&#038;p=134123"},"modified":"2022-05-02T13:25:44","modified_gmt":"2022-05-02T13:25:44","slug":"ahg-glove-consept-i","status":"publish","type":"product","link":"https:\/\/laskur.ee\/en\/toode\/ahg-glove-consept-i\/","title":{"rendered":"ahg glove CONSEPT I"},"content":{"rendered":"<p><span>The ahg-Ansch\u00fctz glove CONCEPT stands out due to following characteristics:<\/span><br \/><span>&#8211; breathable air mesh material provides better air circulation within the glove<\/span><br \/><span>and therefore optimizes climate management inside the glove<\/span><br \/><span>&#8211; formed rubber parts on the inner and outer hand ensure a better pressure<\/span><br \/><span>distribution caused by the sling and rifle stock<\/span><br \/><span>&#8211; slip resistant gel padding on the fingers avoid sliding of the rifle<\/span><br \/><span>&#8211; gel padding between thumb and index finger reduce pressure pain which<\/span><br \/><span>could be caused by the handstop<\/span><br \/><span>&#8211; slip resistant material on the fingers on the hand palm avoid sliding of the<\/span><br \/><span>rifle stock<\/span><br \/><span>&#8211; stretch band on the wrist for comfortable putting on and pulling off as well<\/span><br \/><span>as ideal fitting<\/span><br \/><span>&#8211; two quick-pull helper for better handling when taking off the glove were<\/span><br \/><span>also attached<\/span><\/p>\n","protected":false},"excerpt":{"rendered":"<p>Hingav v\u00f5rkmaterjal tagab kinda sees parema \u00f5huliikuvuse, mis ei aja k\u00e4tt higistama. Kinda sisemisel ja v\u00e4limisel k\u00fcljel olev kummimaterjal\u00a0v\u00e4ldib p\u00fcssi kabaosa libisemist. Geelpadjad s\u00f5rmeotstes v\u00e4ldivad p\u00fcssi libisemist. Geelpadi p\u00f6idla ja nimetiss\u00f5rme vahel aitab v\u00e4ltida ebamugavustunnet, mida v\u00f5ib p\u00f5hjustada handstopi kasutamine.\u00a0Kinda mugavaks k\u00e4est v\u00f5tmiseks on sellel kaks aasa.<\/p>\n","protected":false},"featured_media":134130,"template":"","meta":{"_acf_changed":false},"product_brand":[],"product_cat":[297,299,243],"product_tag":[],"class_list":{"0":"post-134123","1":"product","2":"type-product","3":"status-publish","4":"has-post-thumbnail","6":"product_cat-gloves","7":"product_cat-ahg-anschutz-2","8":"product_cat-clothing","9":"pa_suurus-l-en","10":"pa_suurus-m-en","11":"pa_suurus-s-en","12":"pa_suurus-xl-en","13":"pa_suurus-xs-en","14":"pa_suurus-xxs-en","16":"first","17":"instock","18":"taxable","19":"shipping-taxable","20":"purchasable","21":"product-type-simple"},"acf":[],"_links":{"self":[{"href":"https:\/\/laskur.ee\/en\/wp-json\/wp\/v2\/product\/134123","targetHints":{"allow":["GET"]}}],"collection":[{"href":"https:\/\/laskur.ee\/en\/wp-json\/wp\/v2\/product"}],"about":[{"href":"https:\/\/laskur.ee\/en\/wp-json\/wp\/v2\/types\/product"}],"wp:featuredmedia":[{"embeddable":true,"href":"https:\/\/laskur.ee\/en\/wp-json\/wp\/v2\/media\/134130"}],"wp:attachment":[{"href":"https:\/\/laskur.ee\/en\/wp-json\/wp\/v2\/media?parent=134123"}],"wp:term":[{"taxonomy":"product_brand","embeddable":true,"href":"https:\/\/laskur.ee\/en\/wp-json\/wp\/v2\/product_brand?post=134123"},{"taxonomy":"product_cat","embeddable":true,"href":"https:\/\/laskur.ee\/en\/wp-json\/wp\/v2\/product_cat?post=134123"},{"taxonomy":"product_tag","embeddable":true,"href":"https:\/\/laskur.ee\/en\/wp-json\/wp\/v2\/product_tag?post=134123"}],"curies":[{"name":"wp","href":"https:\/\/api.w.org\/{rel}","templated":true}]}}