{"id":134575,"date":"2019-06-06T14:06:27","date_gmt":"2019-06-06T14:06:27","guid":{"rendered":"https:\/\/laskur.ee\/?post_type=product&#038;p=134575"},"modified":"2020-11-09T10:43:08","modified_gmt":"2020-11-09T10:43:08","slug":"corami-pistol-shooter-shoes","status":"publish","type":"product","link":"https:\/\/laskur.ee\/en\/toode\/corami-pistol-shooter-shoes\/","title":{"rendered":"Corami pistol shooter shoes"},"content":{"rendered":"","protected":false},"excerpt":{"rendered":"<p>Corami r\u00f5hub oma jalan\u00f5ude puhul mugavusele ja k\u00f5rgele kvaliteedile. Corami jalan\u00f5ud on valmistatud nahast, kahel pool jalan\u00f5ud olevad \u00f5huaugud tagavad jalale parema hingavuse. Paelte sidumise tehnoloogia tagab jalale minimaalse liikuvuse. Jalan\u00f5udega tuleb kaasa tehase poolt sisetaldade komplekt, millega saab reguleerida jala kallet ja natukene ka suurust.<\/p>\n","protected":false},"featured_media":134590,"template":"","meta":{"_acf_changed":false},"product_brand":[],"product_cat":[321,373],"product_tag":[],"class_list":{"0":"post-134575","1":"product","2":"type-product","3":"status-publish","4":"has-post-thumbnail","6":"product_cat-boots","7":"product_cat-corami-2","8":"pa_suurus-38-3","9":"pa_suurus-39-3","10":"pa_suurus-40-3","11":"pa_suurus-41-3","12":"pa_suurus-42-3","13":"pa_suurus-43-3","14":"pa_suurus-44-3","15":"pa_suurus-45-3","16":"pa_suurus-46-3","17":"pa_suurus-47-3","18":"pa_suurus-48-3","19":"pa_suurus-35-en","20":"pa_suurus-36-en","21":"pa_suurus-37-en","23":"first","24":"instock","25":"taxable","26":"shipping-taxable","27":"purchasable","28":"product-type-variable"},"acf":[],"_links":{"self":[{"href":"https:\/\/laskur.ee\/en\/wp-json\/wp\/v2\/product\/134575","targetHints":{"allow":["GET"]}}],"collection":[{"href":"https:\/\/laskur.ee\/en\/wp-json\/wp\/v2\/product"}],"about":[{"href":"https:\/\/laskur.ee\/en\/wp-json\/wp\/v2\/types\/product"}],"wp:featuredmedia":[{"embeddable":true,"href":"https:\/\/laskur.ee\/en\/wp-json\/wp\/v2\/media\/134590"}],"wp:attachment":[{"href":"https:\/\/laskur.ee\/en\/wp-json\/wp\/v2\/media?parent=134575"}],"wp:term":[{"taxonomy":"product_brand","embeddable":true,"href":"https:\/\/laskur.ee\/en\/wp-json\/wp\/v2\/product_brand?post=134575"},{"taxonomy":"product_cat","embeddable":true,"href":"https:\/\/laskur.ee\/en\/wp-json\/wp\/v2\/product_cat?post=134575"},{"taxonomy":"product_tag","embeddable":true,"href":"https:\/\/laskur.ee\/en\/wp-json\/wp\/v2\/product_tag?post=134575"}],"curies":[{"name":"wp","href":"https:\/\/api.w.org\/{rel}","templated":true}]}}