{"id":135076,"date":"2020-08-05T14:03:26","date_gmt":"2020-08-05T14:03:26","guid":{"rendered":"https:\/\/laskur.ee\/?post_type=product&#038;p=135076"},"modified":"2020-11-09T10:43:08","modified_gmt":"2020-11-09T10:43:08","slug":"nano-cleaner-150ml","status":"publish","type":"product","link":"https:\/\/laskur.ee\/en\/toode\/nano-cleaner-150ml\/","title":{"rendered":"Nano cleaner 150ml"},"content":{"rendered":"<p><strong>Super Nano GUN CLEANER<\/strong>\u00a0the cleaning agent quickly and easily removes carbon, old grease, copper, lead, zinc. It does not contain ammonia, has no smell and toxic fumes, is not flammable, biodegradable. Safe to use indoors especially when toxic fumes are an issue. Meets all industry standards for small arms maintenance. It is harmless on metal, wood, paint, varnish, ceramics, rubber, plastic.<\/p>\n<p><strong>AREA FOR USE<\/strong><br \/>Op rod, barrel hood, cam pin, open ejection port, slide rail groove, center rail, action spring and other movable parts.<\/p>\n<p><br class=\"Apple-interchange-newline\" \/><br class=\"Apple-interchange-newline\" \/><\/p>\n","protected":false},"excerpt":{"rendered":"<pre class=\"tw-data-text tw-text-large XcVN5d tw-ta\" id=\"tw-target-text\" dir=\"ltr\"><span lang=\"et\" xml:lang=\"et\">Nano spreipudelis puhastusvahend eemaldab kiiresti ja h\u00f5lpsalt s\u00fcsiniku, vanarasva, vase, plii ja tsingi j\u00e4\u00e4gid. Sprei ei sisalda ammoniaaki,l\u00f5hnatu, ei eralda toksilisi aure, ei ole tuleohtlik, biolagunev. Ohutu kasutamiseks siseruumides. Vastab k\u00f5igile v\u00e4ikerelvade hoolduse t\u00f6\u00f6stusstandarditele.\n<br \/><\/span><\/pre>\n","protected":false},"featured_media":135077,"template":"","meta":{"_acf_changed":false},"product_brand":[],"product_cat":[239,293],"product_tag":[],"class_list":{"0":"post-135076","1":"product","2":"type-product","3":"status-publish","4":"has-post-thumbnail","6":"product_cat-accessories","7":"product_cat-cleaning-accessories","9":"first","10":"instock","11":"taxable","12":"shipping-taxable","13":"purchasable","14":"product-type-simple"},"acf":[],"_links":{"self":[{"href":"https:\/\/laskur.ee\/en\/wp-json\/wp\/v2\/product\/135076","targetHints":{"allow":["GET"]}}],"collection":[{"href":"https:\/\/laskur.ee\/en\/wp-json\/wp\/v2\/product"}],"about":[{"href":"https:\/\/laskur.ee\/en\/wp-json\/wp\/v2\/types\/product"}],"wp:featuredmedia":[{"embeddable":true,"href":"https:\/\/laskur.ee\/en\/wp-json\/wp\/v2\/media\/135077"}],"wp:attachment":[{"href":"https:\/\/laskur.ee\/en\/wp-json\/wp\/v2\/media?parent=135076"}],"wp:term":[{"taxonomy":"product_brand","embeddable":true,"href":"https:\/\/laskur.ee\/en\/wp-json\/wp\/v2\/product_brand?post=135076"},{"taxonomy":"product_cat","embeddable":true,"href":"https:\/\/laskur.ee\/en\/wp-json\/wp\/v2\/product_cat?post=135076"},{"taxonomy":"product_tag","embeddable":true,"href":"https:\/\/laskur.ee\/en\/wp-json\/wp\/v2\/product_tag?post=135076"}],"curies":[{"name":"wp","href":"https:\/\/api.w.org\/{rel}","templated":true}]}}