{"id":135218,"date":"2024-08-05T16:21:24","date_gmt":"2024-08-05T16:21:24","guid":{"rendered":"https:\/\/laskur.ee\/?post_type=product&#038;p=135218"},"modified":"2024-08-05T16:21:24","modified_gmt":"2024-08-05T16:21:24","slug":"saueri-omblusteta-aluspesu-puksid","status":"publish","type":"product","link":"https:\/\/laskur.ee\/en\/toode\/saueri-omblusteta-aluspesu-puksid\/","title":{"rendered":"Saueri \u00f5mblusteta aluspesu (p\u00fcksid)"},"content":{"rendered":"<p>Eriline eelis on see, et see spordipesu on valmistatud t\u00e4ielikult ilma h\u00e4irivate pikisuunaliste \u00f5mblusteta. See on mugav nagu teine nahk. Spetsiaalselt kootud kangas toetab lihaseid seal, kus see on vajalik, ja annab lisaliikuvust seal, kus seda vajatakse.<\/p>\n<p>Materjal: 70 % pol\u00fcamiid, 25 % pol\u00fcprop\u00fcleen, 5 % elastaan.<\/p>\n","protected":false},"excerpt":{"rendered":"<p>Saueri \u00f5mblusteta soe pesu on ideaalne aluspesu laskuririietusele esimeseks kihiks.<\/p>\n<p>Materjal: 70% pol\u00fcamiid, 25% pol\u00fcprop\u00fcleen, 5% elastaan.<\/p>\n<p>Naiste suurused: XS\/S, M, L\/XL<\/p>\n<p>Meeste suurused: S\/M, L\/XL, XXL<\/p>\n<p>&nbsp;<\/p>\n","protected":false},"featured_media":133687,"template":"","meta":{"_acf_changed":false},"product_brand":[],"product_cat":[334,242,328],"product_tag":[],"class_list":{"0":"post-135218","1":"product","2":"type-product","3":"status-publish","4":"has-post-thumbnail","6":"product_cat-sauer-9","7":"product_cat-laskmisriided","8":"product_cat-alusriietus","9":"pa_sugu-mees","10":"pa_sugu-naine","11":"pa_suurus-l-xl","12":"pa_suurus-m","13":"pa_suurus-s-m","14":"pa_suurus-xs-s","15":"pa_suurus-xxl","17":"first","18":"instock","19":"taxable","20":"shipping-taxable","21":"purchasable","22":"product-type-simple"},"acf":[],"_links":{"self":[{"href":"https:\/\/laskur.ee\/en\/wp-json\/wp\/v2\/product\/135218","targetHints":{"allow":["GET"]}}],"collection":[{"href":"https:\/\/laskur.ee\/en\/wp-json\/wp\/v2\/product"}],"about":[{"href":"https:\/\/laskur.ee\/en\/wp-json\/wp\/v2\/types\/product"}],"wp:featuredmedia":[{"embeddable":true,"href":"https:\/\/laskur.ee\/en\/wp-json\/wp\/v2\/media\/133687"}],"wp:attachment":[{"href":"https:\/\/laskur.ee\/en\/wp-json\/wp\/v2\/media?parent=135218"}],"wp:term":[{"taxonomy":"product_brand","embeddable":true,"href":"https:\/\/laskur.ee\/en\/wp-json\/wp\/v2\/product_brand?post=135218"},{"taxonomy":"product_cat","embeddable":true,"href":"https:\/\/laskur.ee\/en\/wp-json\/wp\/v2\/product_cat?post=135218"},{"taxonomy":"product_tag","embeddable":true,"href":"https:\/\/laskur.ee\/en\/wp-json\/wp\/v2\/product_tag?post=135218"}],"curies":[{"name":"wp","href":"https:\/\/api.w.org\/{rel}","templated":true}]}}