{"id":135308,"date":"2024-08-23T12:48:12","date_gmt":"2024-08-23T12:48:12","guid":{"rendered":"https:\/\/laskur.ee\/?post_type=product&#038;p=135308"},"modified":"2024-08-23T12:48:12","modified_gmt":"2024-08-23T12:48:12","slug":"feinwerkbau-500-alu","status":"publish","type":"product","link":"https:\/\/laskur.ee\/en\/toode\/feinwerkbau-500-alu\/","title":{"rendered":"Feinwerkbau 500 Alu"},"content":{"rendered":"<p>Mudel 500 Alu \u00f5hup\u00fcss \u00fchendab endas lihtsa k\u00e4sitsemise ning Feinwerkbau t\u00f5estatud kvaliteeti ja t\u00e4psust taskukohase hinnaga.<\/p>\n<p>Sellel mudelil on t\u00e4pne Feinwerkbau tagumine sihik. Sihtm\u00e4rki t\u00e4iendab 18 mm eesmine sihikutunnel. P\u00f6\u00f6gipuust universaalse k\u00e4epidemega \u00f5hukese alumiiniumist varrega tagumistplaati ja p\u00f5sepesa k\u00f5rgust ning pikkust saab reguleerida nii parema kui vasakuk\u00e4eliste laskurite jaoks. Varrega integreeritud r\u00f6\u00f6bas on m\u00f5eldud rihma ja\/v\u00f5i k\u00e4epideme hoidmiseks (lisavarustus). \u00d5hup\u00fcssis\u00fcsteem ilma amortisaatorita s\u00e4\u00e4stab kaalu alumiiniumist barrelih\u00fclssi abil ja tagab tasakaalustatud raskuskeskme. See muudab 500 Alu mudeli t\u00f5eliseks universaalrelvaks, mille kasutusv\u00f5imalused on laiad. Relva saab kohandada erinevate spetsiaalsete lisaseadmete (nt. raskused, sihikute k\u00f5rgendus jne.) kinnitamisega.<\/p>\n<p><strong>Piiramata tsiviilk\u00e4ibega relvi saab osta meie e-poest v\u00e4hemalt 18 aastane isik!<\/strong><\/p>\n","protected":false},"excerpt":{"rendered":"<p>Mudel 500 Alu on k\u00f5rgeima kvaliteediga soodne variant, millel on palju kasutusv\u00f5imalusi.<\/p>\n","protected":false},"featured_media":135304,"template":"","meta":{"_acf_changed":false},"product_brand":[],"product_cat":[276,234,246,248],"product_tag":[],"class_list":{"0":"post-135308","1":"product","2":"type-product","3":"status-publish","4":"has-post-thumbnail","6":"product_cat-feinwerkbau-5","7":"product_cat-sportrelvad","8":"product_cat-ohkrelvad","9":"product_cat-ohupussid","11":"first","12":"instock","13":"taxable","14":"shipping-taxable","15":"purchasable","16":"product-type-simple"},"acf":[],"_links":{"self":[{"href":"https:\/\/laskur.ee\/en\/wp-json\/wp\/v2\/product\/135308","targetHints":{"allow":["GET"]}}],"collection":[{"href":"https:\/\/laskur.ee\/en\/wp-json\/wp\/v2\/product"}],"about":[{"href":"https:\/\/laskur.ee\/en\/wp-json\/wp\/v2\/types\/product"}],"wp:featuredmedia":[{"embeddable":true,"href":"https:\/\/laskur.ee\/en\/wp-json\/wp\/v2\/media\/135304"}],"wp:attachment":[{"href":"https:\/\/laskur.ee\/en\/wp-json\/wp\/v2\/media?parent=135308"}],"wp:term":[{"taxonomy":"product_brand","embeddable":true,"href":"https:\/\/laskur.ee\/en\/wp-json\/wp\/v2\/product_brand?post=135308"},{"taxonomy":"product_cat","embeddable":true,"href":"https:\/\/laskur.ee\/en\/wp-json\/wp\/v2\/product_cat?post=135308"},{"taxonomy":"product_tag","embeddable":true,"href":"https:\/\/laskur.ee\/en\/wp-json\/wp\/v2\/product_tag?post=135308"}],"curies":[{"name":"wp","href":"https:\/\/api.w.org\/{rel}","templated":true}]}}