{"id":135326,"date":"2024-08-24T09:09:52","date_gmt":"2024-08-24T09:09:52","guid":{"rendered":"https:\/\/laskur.ee\/?post_type=product&#038;p=135326"},"modified":"2024-08-24T09:09:52","modified_gmt":"2024-08-24T09:09:52","slug":"hn-finale-match-heavy-177-cal-450","status":"publish","type":"product","link":"https:\/\/laskur.ee\/en\/toode\/hn-finale-match-heavy-177-cal-450\/","title":{"rendered":"H&#038;N Finale Match Heavy .177 cal (4,50)"},"content":{"rendered":"<p>Parim \u00f5hup\u00fcstolikuul v\u00f5istlusteks. Kasutavad ol\u00fcmpiav\u00f5itjad ja maailmameistrid. Maksimaalne v\u00f5imalik t\u00e4psus koos maksimaalse m\u00f5\u00f5tmete ja kaalu t\u00e4psusega. Tihedaimad laskur\u00fchmad, puhtalt l\u00f5igatud kuulide augud. Minimaalne plii m\u00e4\u00e4rdumine ja \u00fchtlane laskude levik t\u00e4nu spetsiaalsele Match sulamile. K\u00e4sitsi sorteeritud. Siledad.<\/p>\n<p><strong>\u00d5hup\u00fcssikuule saab osta meie e-poest v\u00e4hemalt 18 aastane isik!<\/strong><\/p>\n","protected":false},"excerpt":{"rendered":"<p>Kaal: 8,18 g<\/p>\n<p>Maksimaalne laskekaugus: 10 m<\/p>\n<p>Karbi maht: 500 tk.<\/p>\n<p>L\u00e4bim\u00f5\u00f5t: 4,50 mm<\/p>\n","protected":false},"featured_media":135316,"template":"","meta":{"_acf_changed":false},"product_brand":[],"product_cat":[236,284],"product_tag":[],"class_list":{"0":"post-135326","1":"product","2":"type-product","3":"status-publish","4":"has-post-thumbnail","6":"product_cat-laskemoon","7":"product_cat-diaboolid","9":"first","10":"instock","11":"taxable","12":"shipping-taxable","13":"purchasable","14":"product-type-simple"},"acf":[],"_links":{"self":[{"href":"https:\/\/laskur.ee\/en\/wp-json\/wp\/v2\/product\/135326","targetHints":{"allow":["GET"]}}],"collection":[{"href":"https:\/\/laskur.ee\/en\/wp-json\/wp\/v2\/product"}],"about":[{"href":"https:\/\/laskur.ee\/en\/wp-json\/wp\/v2\/types\/product"}],"wp:featuredmedia":[{"embeddable":true,"href":"https:\/\/laskur.ee\/en\/wp-json\/wp\/v2\/media\/135316"}],"wp:attachment":[{"href":"https:\/\/laskur.ee\/en\/wp-json\/wp\/v2\/media?parent=135326"}],"wp:term":[{"taxonomy":"product_brand","embeddable":true,"href":"https:\/\/laskur.ee\/en\/wp-json\/wp\/v2\/product_brand?post=135326"},{"taxonomy":"product_cat","embeddable":true,"href":"https:\/\/laskur.ee\/en\/wp-json\/wp\/v2\/product_cat?post=135326"},{"taxonomy":"product_tag","embeddable":true,"href":"https:\/\/laskur.ee\/en\/wp-json\/wp\/v2\/product_tag?post=135326"}],"curies":[{"name":"wp","href":"https:\/\/api.w.org\/{rel}","templated":true}]}}