{"id":135335,"date":"2024-08-24T09:16:54","date_gmt":"2024-08-24T09:16:54","guid":{"rendered":"https:\/\/laskur.ee\/?post_type=product&#038;p=135335"},"modified":"2024-08-24T09:20:30","modified_gmt":"2024-08-24T09:20:30","slug":"hn-finale-match-rifle-kopeeri-2","status":"publish","type":"product","link":"https:\/\/laskur.ee\/en\/toode\/hn-finale-match-rifle-kopeeri-2\/","title":{"rendered":"H&#038;N Finale Match Rifle (kopeeri)"},"content":{"rendered":"<p><strong>\u00d5hup\u00fcssikuule saab osta meie e-poest v\u00e4hemalt 18 aastane isik!<\/strong><\/p>\n","protected":false},"excerpt":{"rendered":"<p>Tipptasemel v\u00f5istluskuul p\u00fcssilaskurile.<\/p>\n","protected":false},"featured_media":135317,"template":"","meta":{"_acf_changed":false},"product_brand":[],"product_cat":[237,285],"product_tag":[],"class_list":{"0":"post-135335","1":"product","2":"type-product","3":"status-publish","4":"has-post-thumbnail","6":"product_cat-ammunition","7":"product_cat-diabolos","8":"pa_kinnita-et-oled-vahemalt-18-confirm","10":"first","11":"instock","12":"taxable","13":"shipping-taxable","14":"purchasable","15":"product-type-simple"},"acf":[],"_links":{"self":[{"href":"https:\/\/laskur.ee\/en\/wp-json\/wp\/v2\/product\/135335","targetHints":{"allow":["GET"]}}],"collection":[{"href":"https:\/\/laskur.ee\/en\/wp-json\/wp\/v2\/product"}],"about":[{"href":"https:\/\/laskur.ee\/en\/wp-json\/wp\/v2\/types\/product"}],"wp:featuredmedia":[{"embeddable":true,"href":"https:\/\/laskur.ee\/en\/wp-json\/wp\/v2\/media\/135317"}],"wp:attachment":[{"href":"https:\/\/laskur.ee\/en\/wp-json\/wp\/v2\/media?parent=135335"}],"wp:term":[{"taxonomy":"product_brand","embeddable":true,"href":"https:\/\/laskur.ee\/en\/wp-json\/wp\/v2\/product_brand?post=135335"},{"taxonomy":"product_cat","embeddable":true,"href":"https:\/\/laskur.ee\/en\/wp-json\/wp\/v2\/product_cat?post=135335"},{"taxonomy":"product_tag","embeddable":true,"href":"https:\/\/laskur.ee\/en\/wp-json\/wp\/v2\/product_tag?post=135335"}],"curies":[{"name":"wp","href":"https:\/\/api.w.org\/{rel}","templated":true}]}}