{"id":135354,"date":"2024-08-25T10:32:44","date_gmt":"2024-08-25T10:32:44","guid":{"rendered":"https:\/\/laskur.ee\/?post_type=product&#038;p=135354"},"modified":"2024-08-25T10:41:31","modified_gmt":"2024-08-25T10:41:31","slug":"hn-excite-econ-ii-177-cal-450","status":"publish","type":"product","link":"https:\/\/laskur.ee\/en\/toode\/hn-excite-econ-ii-177-cal-450\/","title":{"rendered":"H&#038;N Excite Econ II .177 cal (4,50)"},"content":{"rendered":"<p>Suurep\u00e4rane \u00f5hup\u00fcstoli kuul universaalseks kasutamiseks. Edasiarendus, millel on uus pea konstruktsioon, mis tagab parema j\u00f5udluse. See on kerge ja t\u00e4pne kuul plinkimiseks, harrastuslaskmiseks ja C02-p\u00fcstoliteks ning vastab k\u00f5igile p\u00f5hin\u00f5uetele. Universaalseks kasutamiseks soodsa hinnaga. Sileda jalaga.<\/p>\n<p><strong>\u00d5hup\u00fcssikuule saab osta meie e-poest v\u00e4hemalt 18 aastane isik!<\/strong><\/p>\n","protected":false},"excerpt":{"rendered":"<p>Kaal: 7,40 g<\/p>\n<p>Maksimaalne laskekaugus: 10 m<\/p>\n<p>Karbi maht: 500 tk.<\/p>\n<p>L\u00e4bim\u00f5\u00f5t: 4,50 mm<\/p>\n","protected":false},"featured_media":135355,"template":"","meta":{"_acf_changed":false},"product_brand":[],"product_cat":[236,284],"product_tag":[],"class_list":{"0":"post-135354","1":"product","2":"type-product","3":"status-publish","4":"has-post-thumbnail","6":"product_cat-laskemoon","7":"product_cat-diaboolid","9":"first","10":"instock","11":"taxable","12":"shipping-taxable","13":"purchasable","14":"product-type-simple"},"acf":[],"_links":{"self":[{"href":"https:\/\/laskur.ee\/en\/wp-json\/wp\/v2\/product\/135354","targetHints":{"allow":["GET"]}}],"collection":[{"href":"https:\/\/laskur.ee\/en\/wp-json\/wp\/v2\/product"}],"about":[{"href":"https:\/\/laskur.ee\/en\/wp-json\/wp\/v2\/types\/product"}],"wp:featuredmedia":[{"embeddable":true,"href":"https:\/\/laskur.ee\/en\/wp-json\/wp\/v2\/media\/135355"}],"wp:attachment":[{"href":"https:\/\/laskur.ee\/en\/wp-json\/wp\/v2\/media?parent=135354"}],"wp:term":[{"taxonomy":"product_brand","embeddable":true,"href":"https:\/\/laskur.ee\/en\/wp-json\/wp\/v2\/product_brand?post=135354"},{"taxonomy":"product_cat","embeddable":true,"href":"https:\/\/laskur.ee\/en\/wp-json\/wp\/v2\/product_cat?post=135354"},{"taxonomy":"product_tag","embeddable":true,"href":"https:\/\/laskur.ee\/en\/wp-json\/wp\/v2\/product_tag?post=135354"}],"curies":[{"name":"wp","href":"https:\/\/api.w.org\/{rel}","templated":true}]}}