{"id":135493,"date":"2025-04-22T12:35:10","date_gmt":"2025-04-22T12:35:10","guid":{"rendered":"https:\/\/laskur.ee\/?post_type=product&#038;p=135493"},"modified":"2025-04-23T12:29:45","modified_gmt":"2025-04-23T12:29:45","slug":"ohupussi-markleht-10-m","status":"publish","type":"product","link":"https:\/\/laskur.ee\/en\/toode\/ohupussi-markleht-10-m\/","title":{"rendered":"\u00d5hup\u00fcssi m\u00e4rkleht 10 x 10 cm"},"content":{"rendered":"","protected":false},"excerpt":{"rendered":"<p>\u00d5hup\u00fcssi sihtm\u00e4rk 10 m<br \/>\nISSF poolt heaks kiidetud.<\/p>\n<p>Kogus: 1000 tk.<br \/>\nSuurus: 100 x 100 mm<br \/>\nV\u00e4rv: must matt<\/p>\n","protected":false},"featured_media":135504,"template":"","meta":{"_acf_changed":false},"product_brand":[],"product_cat":[15,290],"product_tag":[],"class_list":{"0":"post-135493","1":"product","2":"type-product","3":"status-publish","4":"has-post-thumbnail","6":"product_cat-maaramata","7":"product_cat-marklehed","9":"first","10":"instock","11":"taxable","12":"shipping-taxable","13":"purchasable","14":"product-type-simple"},"acf":[],"_links":{"self":[{"href":"https:\/\/laskur.ee\/en\/wp-json\/wp\/v2\/product\/135493","targetHints":{"allow":["GET"]}}],"collection":[{"href":"https:\/\/laskur.ee\/en\/wp-json\/wp\/v2\/product"}],"about":[{"href":"https:\/\/laskur.ee\/en\/wp-json\/wp\/v2\/types\/product"}],"wp:featuredmedia":[{"embeddable":true,"href":"https:\/\/laskur.ee\/en\/wp-json\/wp\/v2\/media\/135504"}],"wp:attachment":[{"href":"https:\/\/laskur.ee\/en\/wp-json\/wp\/v2\/media?parent=135493"}],"wp:term":[{"taxonomy":"product_brand","embeddable":true,"href":"https:\/\/laskur.ee\/en\/wp-json\/wp\/v2\/product_brand?post=135493"},{"taxonomy":"product_cat","embeddable":true,"href":"https:\/\/laskur.ee\/en\/wp-json\/wp\/v2\/product_cat?post=135493"},{"taxonomy":"product_tag","embeddable":true,"href":"https:\/\/laskur.ee\/en\/wp-json\/wp\/v2\/product_tag?post=135493"}],"curies":[{"name":"wp","href":"https:\/\/api.w.org\/{rel}","templated":true}]}}