{"id":135497,"date":"2025-04-22T13:03:18","date_gmt":"2025-04-22T13:03:18","guid":{"rendered":"https:\/\/laskur.ee\/?post_type=product&#038;p=135497"},"modified":"2025-04-23T12:28:24","modified_gmt":"2025-04-23T12:28:24","slug":"ohupustoli-markleht-17-x-17-cm","status":"publish","type":"product","link":"https:\/\/laskur.ee\/en\/toode\/ohupustoli-markleht-17-x-17-cm\/","title":{"rendered":"\u00d5hup\u00fcstoli m\u00e4rkleht 17 x 17 cm"},"content":{"rendered":"","protected":false},"excerpt":{"rendered":"<p>\u00d5hup\u00fcstoli sihtm\u00e4rk 10 m<br \/>\nISSF poolt heaks kiidetud.<\/p>\n<p>Kogus: 1000 tk. pakis<br \/>\nSuurus: 170 x 170 mm<br \/>\nV\u00e4rv: must matt<\/p>\n","protected":false},"featured_media":135502,"template":"","meta":{"_acf_changed":false},"product_brand":[],"product_cat":[290],"product_tag":[],"class_list":{"0":"post-135497","1":"product","2":"type-product","3":"status-publish","4":"has-post-thumbnail","6":"product_cat-marklehed","8":"first","9":"instock","10":"taxable","11":"shipping-taxable","12":"purchasable","13":"product-type-simple"},"acf":[],"_links":{"self":[{"href":"https:\/\/laskur.ee\/en\/wp-json\/wp\/v2\/product\/135497","targetHints":{"allow":["GET"]}}],"collection":[{"href":"https:\/\/laskur.ee\/en\/wp-json\/wp\/v2\/product"}],"about":[{"href":"https:\/\/laskur.ee\/en\/wp-json\/wp\/v2\/types\/product"}],"wp:featuredmedia":[{"embeddable":true,"href":"https:\/\/laskur.ee\/en\/wp-json\/wp\/v2\/media\/135502"}],"wp:attachment":[{"href":"https:\/\/laskur.ee\/en\/wp-json\/wp\/v2\/media?parent=135497"}],"wp:term":[{"taxonomy":"product_brand","embeddable":true,"href":"https:\/\/laskur.ee\/en\/wp-json\/wp\/v2\/product_brand?post=135497"},{"taxonomy":"product_cat","embeddable":true,"href":"https:\/\/laskur.ee\/en\/wp-json\/wp\/v2\/product_cat?post=135497"},{"taxonomy":"product_tag","embeddable":true,"href":"https:\/\/laskur.ee\/en\/wp-json\/wp\/v2\/product_tag?post=135497"}],"curies":[{"name":"wp","href":"https:\/\/api.w.org\/{rel}","templated":true}]}}